{"id":1119,"date":"2021-10-11T10:29:18","date_gmt":"2021-10-11T08:29:18","guid":{"rendered":"http:\/\/souheil-salame.com\/?page_id=1119"},"modified":"2023-03-02T16:03:15","modified_gmt":"2023-03-02T15:03:15","slug":"pointe-de-la-gavinette-st-jean-cap-ferrat","status":"publish","type":"page","link":"https:\/\/souheil-salame.com\/index.php\/cristallisations-2\/pointe-de-la-gavinette-st-jean-cap-ferrat\/","title":{"rendered":"Pointe de la Gavinette \/ St Jean-Cap-Ferrat"},"content":{"rendered":"<div id=\"grid-gallery-32-4697\" data-gg-id=\"32\" data-title=\"Pointe de la Gavinette\" data-grid-type=\"0\" data-offset=\"15.3\" data-area-position=\"center\" data-icons=\"false\" data-preloader=\"true\" data-width=\"200\" data-height=\"200\" data-padding=\"15\" data-quicksand=\"disabled\" data-quicksand-duration=\"none\" data-popup-theme=\"theme_7\" data-popup-type=\"colorbox\" data-popup-fadeOut=\"300\" data-popup-image-text=\"data-description\" data-popup-widthsize=\"auto\" data-popup-heightsize=\"auto\" data-popup-i18n-words=\"{&quot;close&quot;:&quot;fermer&quot;,&quot;next&quot;:&quot;suivant&quot;,&quot;previous&quot;:&quot;pr\\u00e9c\\u00e9dent&quot;,&quot;start_slideshow&quot;:&quot;d\\u00e9marrer le diaporama&quot;,&quot;stop_slideshow&quot;:&quot;arr\\u00e9ter le diaporama&quot;,&quot;image&quot;:&quot;image&quot;,&quot;of&quot;:&quot;de&quot;,&quot;prev&quot;:&quot;pr\\u00e9c.&quot;,&quot;cExpand&quot;:&quot;Agrandir&quot;,&quot;cPrevious&quot;:&quot;Pr\\u00e9c\\u00e9dent&quot;,&quot;cNext&quot;:&quot;Suivant&quot;,&quot;cExpandStr&quot;:&quot;Agrandir l&#039;image&quot;,&quot;cRotate&quot;:&quot;Pivoter&quot;,&quot;cDetails&quot;:&quot;Details&quot;}\" data-popup-slideshow=\"false\" data-popup-slideshow-speed=\"2500\" data-popup-hoverstop=\"true\" data-popup-slideshow-auto=\"false\" data-popup-background=\"\" data-popup-transparency=\"30\" data-popup-disable-history=\"\" data-popup-disable-changed-url=\"\" data-popup-border-type=\"solid\" data-popup-border-color=\"\" data-popup-border-width=\"\" data-popup-border-enable=\"\" data-fullscreen=\"false\" data-hide-tooltip=\"false\" data-caption-font-family=\"Default\" data-caption-text-size=\"14px\" data-is-mobile=\"0\" data-caption-mobile=\"false\" data-hide-long-tltp-title=\"0\" data-caption-disabled-on-mobile=\"false\" data-lazyload-enable='1' data-lazyload-effect=\"show\" data-lazyload-effect-duration=\"400\" data-popup-placement-type=\"0\" data-social-sharing=\"{&quot;enabled&quot;:&quot;&quot;,&quot;gallerySharing&quot;:{&quot;enabled&quot;:null,&quot;position&quot;:null},&quot;imageSharing&quot;:{&quot;enabled&quot;:null,&quot;wrapperClass&quot;:&quot; vertical \\n &quot;},&quot;popupSharing&quot;:{&quot;enabled&quot;:null,&quot;wrapperClass&quot;:&quot; vertical \\n &quot;}}\" class=\"grid-gallery grid-gallery-fixed \" style=\" width:100%; height:auto ; margin-left:auto; margin-right:auto; position:relative;\" > <div class=\"gallery-loading\"> <div class=\"blocks\"> <div class=\"block\"><\/div> <div class=\"block\"><\/div> <div class=\"block\"><\/div> <div class=\"block\"><\/div> <\/div> <\/div> <div class=\"gallery-sharing-top\"><\/div> <div id=\"photos-32\" class=\"grid-gallery-photos \" > <a id=\"gg-32-165\" class=\"gg-link gg-colorbox \" data-attachment-id=\"1121\" href=\"https:\/\/souheil-salame.com\/wp-content\/uploads\/2021\/10\/DSC8898.jpg?gid=32\" target=\"_self\" title=\"_DSC8898\" rel=\"\" style=\"border-radius: 0px;\" ><FIGURE class=\"grid-gallery-caption \" data-grid-gallery-type=\"quarter-slide-up\" data-index=\"0\" style=\"display:none;border-radius: 0px; ; margin: 15.3px; width:200px;\" ><div class=\"crop \" style=\" width:200px; height:200px; overflow:hidden; \"><img data-gg-real-image-href=\"http:\/\/souheil-salame.com\/wp-content\/uploads\/2021\/10\/DSC8898-200x200.jpg\" src=\"http:\/\/souheil-salame.com\/wp-content\/plugins\/gallery-by-supsystic\/src\/GridGallery\/Galleries\/assets\/img\/loading.gif\" class=\"ggImg ggLazyImg\" alt=\"_DSC8898\" title=\"_DSC8898\" data-description=\"_DSC8898\" data-caption=\"_DSC8898\" data-title=\"_DSC8898\" style=\" width:200px; height:200px; \" \/><\/div><FIGCAPTION class=\"\" data-alpha=\"5\" style=\"color:#ffffff; background-color:#6f0000; font-size:14px; text-align:left; font-family:Default;\" ><div class=\"grid-gallery-figcaption-wrap\" style=\" vertical-align:top; \"><\/div><\/FIGCAPTION><\/FIGURE><\/a> <a id=\"gg-32-166\" class=\"gg-link gg-colorbox \" data-attachment-id=\"1122\" href=\"https:\/\/souheil-salame.com\/wp-content\/uploads\/2021\/10\/DSC8914.jpg?gid=32\" target=\"_self\" title=\"_DSC8914\" rel=\"\" style=\"border-radius: 0px;\" ><FIGURE class=\"grid-gallery-caption \" data-grid-gallery-type=\"quarter-slide-up\" data-index=\"1\" style=\"display:none;border-radius: 0px; ; margin: 15.3px; width:200px;\" ><div class=\"crop \" style=\" width:200px; height:200px; overflow:hidden; \"><img data-gg-real-image-href=\"http:\/\/souheil-salame.com\/wp-content\/uploads\/2021\/10\/DSC8914-200x200.jpg\" src=\"http:\/\/souheil-salame.com\/wp-content\/plugins\/gallery-by-supsystic\/src\/GridGallery\/Galleries\/assets\/img\/loading.gif\" class=\"ggImg ggLazyImg\" alt=\"_DSC8914\" title=\"_DSC8914\" data-description=\"_DSC8914\" data-caption=\"_DSC8914\" data-title=\"_DSC8914\" style=\" width:200px; height:200px; \" \/><\/div><FIGCAPTION class=\"\" data-alpha=\"5\" style=\"color:#ffffff; background-color:#6f0000; font-size:14px; text-align:left; font-family:Default;\" ><div class=\"grid-gallery-figcaption-wrap\" style=\" vertical-align:top; \"><\/div><\/FIGCAPTION><\/FIGURE><\/a> <a id=\"gg-32-167\" class=\"gg-link gg-colorbox \" data-attachment-id=\"1123\" href=\"https:\/\/souheil-salame.com\/wp-content\/uploads\/2021\/10\/DSC8928.jpg?gid=32\" target=\"_self\" title=\"_DSC8928\" rel=\"\" style=\"border-radius: 0px;\" ><FIGURE class=\"grid-gallery-caption \" data-grid-gallery-type=\"quarter-slide-up\" data-index=\"2\" style=\"display:none;border-radius: 0px; ; margin: 15.3px; width:200px;\" ><div class=\"crop \" style=\" width:200px; height:200px; overflow:hidden; \"><img data-gg-real-image-href=\"http:\/\/souheil-salame.com\/wp-content\/uploads\/2021\/10\/DSC8928-200x200.jpg\" src=\"http:\/\/souheil-salame.com\/wp-content\/plugins\/gallery-by-supsystic\/src\/GridGallery\/Galleries\/assets\/img\/loading.gif\" class=\"ggImg ggLazyImg\" alt=\"_DSC8928\" title=\"_DSC8928\" data-description=\"_DSC8928\" data-caption=\"_DSC8928\" data-title=\"_DSC8928\" style=\" width:200px; height:200px; \" \/><\/div><FIGCAPTION class=\"\" data-alpha=\"5\" style=\"color:#ffffff; background-color:#6f0000; font-size:14px; text-align:left; font-family:Default;\" ><div class=\"grid-gallery-figcaption-wrap\" style=\" vertical-align:top; \"><\/div><\/FIGCAPTION><\/FIGURE><\/a> <a id=\"gg-32-168\" class=\"gg-link gg-colorbox \" data-attachment-id=\"1124\" href=\"https:\/\/souheil-salame.com\/wp-content\/uploads\/2021\/10\/DSC8939.jpg?gid=32\" target=\"_self\" title=\"_DSC8939\" rel=\"\" style=\"border-radius: 0px;\" ><FIGURE class=\"grid-gallery-caption \" data-grid-gallery-type=\"quarter-slide-up\" data-index=\"3\" style=\"display:none;border-radius: 0px; ; margin: 15.3px; width:200px;\" ><div class=\"crop \" style=\" width:200px; height:200px; overflow:hidden; \"><img data-gg-real-image-href=\"http:\/\/souheil-salame.com\/wp-content\/uploads\/2021\/10\/DSC8939-200x200.jpg\" src=\"http:\/\/souheil-salame.com\/wp-content\/plugins\/gallery-by-supsystic\/src\/GridGallery\/Galleries\/assets\/img\/loading.gif\" class=\"ggImg ggLazyImg\" alt=\"_DSC8939\" title=\"_DSC8939\" data-description=\"_DSC8939\" data-caption=\"_DSC8939\" data-title=\"_DSC8939\" style=\" width:200px; height:200px; \" \/><\/div><FIGCAPTION class=\"\" data-alpha=\"5\" style=\"color:#ffffff; background-color:#6f0000; font-size:14px; text-align:left; font-family:Default;\" ><div class=\"grid-gallery-figcaption-wrap\" style=\" vertical-align:top; \"><\/div><\/FIGCAPTION><\/FIGURE><\/a> <a id=\"gg-32-169\" class=\"gg-link gg-colorbox \" data-attachment-id=\"1125\" href=\"https:\/\/souheil-salame.com\/wp-content\/uploads\/2021\/10\/DSC8953.jpg?gid=32\" target=\"_self\" title=\"_DSC8953\" rel=\"\" style=\"border-radius: 0px;\" ><FIGURE class=\"grid-gallery-caption \" data-grid-gallery-type=\"quarter-slide-up\" data-index=\"4\" style=\"display:none;border-radius: 0px; ; margin: 15.3px; width:200px;\" ><div class=\"crop \" style=\" width:200px; height:200px; overflow:hidden; \"><img data-gg-real-image-href=\"http:\/\/souheil-salame.com\/wp-content\/uploads\/2021\/10\/DSC8953-200x200.jpg\" src=\"http:\/\/souheil-salame.com\/wp-content\/plugins\/gallery-by-supsystic\/src\/GridGallery\/Galleries\/assets\/img\/loading.gif\" class=\"ggImg ggLazyImg\" alt=\"_DSC8953\" title=\"_DSC8953\" data-description=\"_DSC8953\" data-caption=\"_DSC8953\" data-title=\"_DSC8953\" style=\" width:200px; height:200px; \" \/><\/div><FIGCAPTION class=\"\" data-alpha=\"5\" style=\"color:#ffffff; background-color:#6f0000; font-size:14px; text-align:left; font-family:Default;\" ><div class=\"grid-gallery-figcaption-wrap\" style=\" vertical-align:top; \"><\/div><\/FIGCAPTION><\/FIGURE><\/a> <a id=\"gg-32-170\" class=\"gg-link gg-colorbox \" data-attachment-id=\"1126\" href=\"https:\/\/souheil-salame.com\/wp-content\/uploads\/2021\/10\/DSC8957-scaled.jpg?gid=32\" target=\"_self\" title=\"_DSC8957\" rel=\"\" style=\"border-radius: 0px;\" ><FIGURE class=\"grid-gallery-caption \" data-grid-gallery-type=\"quarter-slide-up\" data-index=\"5\" style=\"display:none;border-radius: 0px; ; margin: 15.3px; width:200px;\" ><div class=\"crop \" style=\" width:200px; height:200px; overflow:hidden; \"><img data-gg-real-image-href=\"http:\/\/souheil-salame.com\/wp-content\/uploads\/2021\/10\/DSC8957-scaled-200x200.jpg\" src=\"http:\/\/souheil-salame.com\/wp-content\/plugins\/gallery-by-supsystic\/src\/GridGallery\/Galleries\/assets\/img\/loading.gif\" class=\"ggImg ggLazyImg\" alt=\"_DSC8957\" title=\"_DSC8957\" data-description=\"_DSC8957\" data-caption=\"_DSC8957\" data-title=\"_DSC8957\" style=\" width:200px; height:200px; \" \/><\/div><FIGCAPTION class=\"\" data-alpha=\"5\" style=\"color:#ffffff; background-color:#6f0000; font-size:14px; text-align:left; font-family:Default;\" ><div class=\"grid-gallery-figcaption-wrap\" style=\" vertical-align:top; \"><\/div><\/FIGCAPTION><\/FIGURE><\/a> <div class=\"grid-gallery-clearfix\"><\/div> <\/div> <div class=\"gallery-sharing-bottom\"><\/div> <div class=\"grid-gallery-clearfix\"><\/div> <\/div> <!-- Gallery by Supsystic plugin 1.14.9 -->\n<p>Mardi 25 f\u00e9vrier 2020. 10h47<\/p>\n<p>Mer frissonnante, ciel d&rsquo;azur, visibilit\u00e9 18 km, temp\u00e9rature de l&rsquo;air 14\u00b0C, humidit\u00e9 34 %, temp\u00e9rature de l&rsquo;eau 14\u00b0C, pression 1010,0 Mb, vent 9 km\/h de Sud \/ Ouest<\/p>\n<p>N\u00b0 68<\/p>\n<p>&nbsp;<\/p>\n<article class=\"widget iron_widget_radio \"><div class=\"iron-audioplayer  sonaar-no-artwork\" id=\"arbitrary-instance-69e37e084e27f-fe96dfb3f1\" data-albums=\"1128\"data-url-playlist=\"https:\/\/souheil-salame.com\/?load=playlist.json&#038;title=&#038;albums=1128\" data-sticky-player=\"0\" data-shuffle=\"\" data-scrollbar=\"\" data-wave-color=\"\" data-wave-progress-color=\"\" data-no-track-skip=\"\" data-no-wave=\"0\" style=\"opacity:0;\">\n        <div class=\"sonaar-grid sonaar-grid-2 sonaar-grid-fullwidth-mobile\">\n        \n        <div class=\"playlist\">\n            <h3 class=\"sr_it-playlist-title\">Pointe de la Gavinette<\/h3>\n            <div class=\"sr_it-playlist-release-date\"><span class=\"sr_it-date-value\"><\/span><\/div>\n            <ul><li\n            data-audiopath=\"https:\/\/souheil-salame.com\/wp-content\/uploads\/2021\/10\/Gavinette-roux.mp3\"\n            data-showloading=\"1\"\n            data-albumTitle=\"Pointe de la Gavinette\"\n            data-albumArt=\"\"\n            data-releasedate=\"\"\n            data-trackTitle=\"Pointe Gavinette\"\n            data-trackID=\"1129\"\n            data-trackTime=\"8:55\"\n            ><span class=\"store-list\"><\/span><\/li><\/ul>\n        <\/div>\n        <\/div>\n        <div class=\"album-store\"><\/div>\n        <div class=\"album-player\" >\n        <div class=\"track-title\"><\/div>\n        <div class=\"album-title\"><\/div>\n        \n        <div class=\"player\">\n        <div class=\"currentTime\"><\/div>\n        <div id=\"arbitrary-instance-69e37e084e27f-1af052f31b-wave\" class=\"wave\">\n        <div class=\"sonaar_fake_wave\">\n            <audio src=\"\" class=\"sonaar_media_element\"><\/audio>\n            <div class=\"sonaar_wave_base\"><svg><\/svg><\/div>\n            <div class=\"sonaar_wave_cut\"><svg><\/svg><\/div>\n            <\/div> \n        <\/div>\n        <div class=\"totalTime\"><\/div>\n        <div class=\"control\">\n        <a class=\"previous\" style=\"opacity:0;\">\n        <svg version=\"1.1\" id=\"Layer_1\" xmlns=\"http:\/\/www.w3.org\/2000\/svg\" xmlns:xlink=\"http:\/\/www.w3.org\/1999\/xlink\" x=\"0px\" y=\"0px\" viewBox=\"0 0 10.2 11.7\" style=\"enable-background:new 0 0 10.2 11.7;\" xml:space=\"preserve\">\n        <polygon points=\"10.2,0 1.4,5.3 1.4,0 0,0 0,11.7 1.4,11.7 1.4,6.2 10.2,11.7\"\/>\n        <\/svg>\n        <\/a>\n        <a class=\"play\" style=\"opacity:0;\">\n        <svg version=\"1.1\" xmlns=\"http:\/\/www.w3.org\/2000\/svg\" xmlns:xlink=\"http:\/\/www.w3.org\/1999\/xlink\" x=\"0px\" y=\"0px\" viewBox=\"0 0 17.5 21.2\" style=\"enable-background:new 0 0 17.5 21.2;\" xml:space=\"preserve\">\n        <path d=\"M0,0l17.5,10.9L0,21.2V0z\"\/>\n        \n        <rect width=\"6\" height=\"21.2\"\/>\n        <rect x=\"11.5\" width=\"6\" height=\"21.2\"\/>\n        <\/svg>\n        <\/a>\n        <a class=\"next\" style=\"opacity:0;\">\n        <svg version=\"1.1\" xmlns=\"http:\/\/www.w3.org\/2000\/svg\" xmlns:xlink=\"http:\/\/www.w3.org\/1999\/xlink\" x=\"0px\" y=\"0px\" viewBox=\"0 0 10.2 11.7\" style=\"enable-background:new 0 0 10.2 11.7;\" xml:space=\"preserve\">\n        <polygon points=\"0,11.7 8.8,6.4 8.8,11.7 10.2,11.7 10.2,0 8.8,0 8.8,5.6 0,0\"\/>\n        <\/svg>\n        <\/a>\n        <\/div>\n        <\/div>\n        <\/div>\n        <\/div><\/article>\n","protected":false},"excerpt":{"rendered":"<p>Mardi 25 f\u00e9vrier 2020. 10h47 Mer frissonnante, ciel d&rsquo;azur, visibilit\u00e9 18 km, temp\u00e9rature de l&rsquo;air 14\u00b0C, humidit\u00e9 34 %, temp\u00e9rature de l&rsquo;eau 14\u00b0C, pression 1010,0 Mb, vent 9 km\/h de Sud \/ Ouest N\u00b0 68 &hellip;<\/p>\n","protected":false},"author":1,"featured_media":0,"parent":396,"menu_order":0,"comment_status":"closed","ping_status":"closed","template":"","meta":[],"_links":{"self":[{"href":"https:\/\/souheil-salame.com\/index.php\/wp-json\/wp\/v2\/pages\/1119"}],"collection":[{"href":"https:\/\/souheil-salame.com\/index.php\/wp-json\/wp\/v2\/pages"}],"about":[{"href":"https:\/\/souheil-salame.com\/index.php\/wp-json\/wp\/v2\/types\/page"}],"author":[{"embeddable":true,"href":"https:\/\/souheil-salame.com\/index.php\/wp-json\/wp\/v2\/users\/1"}],"replies":[{"embeddable":true,"href":"https:\/\/souheil-salame.com\/index.php\/wp-json\/wp\/v2\/comments?post=1119"}],"version-history":[{"count":4,"href":"https:\/\/souheil-salame.com\/index.php\/wp-json\/wp\/v2\/pages\/1119\/revisions"}],"predecessor-version":[{"id":1131,"href":"https:\/\/souheil-salame.com\/index.php\/wp-json\/wp\/v2\/pages\/1119\/revisions\/1131"}],"up":[{"embeddable":true,"href":"https:\/\/souheil-salame.com\/index.php\/wp-json\/wp\/v2\/pages\/396"}],"wp:attachment":[{"href":"https:\/\/souheil-salame.com\/index.php\/wp-json\/wp\/v2\/media?parent=1119"}],"curies":[{"name":"wp","href":"https:\/\/api.w.org\/{rel}","templated":true}]}}