{"id":1193,"date":"2021-10-31T12:34:54","date_gmt":"2021-10-31T11:34:54","guid":{"rendered":"http:\/\/souheil-salame.com\/?page_id=1193"},"modified":"2023-01-10T15:37:45","modified_gmt":"2023-01-10T14:37:45","slug":"presentation-des-cristallisations-marines","status":"publish","type":"page","link":"https:\/\/souheil-salame.com\/index.php\/presentation-des-cristallisations-marines\/","title":{"rendered":"Pr\u00e9sentations"},"content":{"rendered":"\n<p>Chaque pi\u00e8ce est constitu\u00e9e d\u2019un cadre dans lequel s\u2019ench\u00e2sse la \u00ab&nbsp;cristallisation&nbsp;\u00bb. Le cadre est fix\u00e9 sur son socle. <\/p>\n\n\n\n<p>Dans les cristallisations marines un syst\u00e8me audio ainsi qu&rsquo;un \u00e9clairage sont incorpor\u00e9s dans ce volume. Un texte, mentionnant le nom du lieu, l\u2019heure du pr\u00e9l\u00e8vement ainsi que les conditions m\u00e9t\u00e9orologiques du moment, est grav\u00e9 sur la paroi du socle ou du cadre. <\/p>\n\n\n\n<p><\/p>\n\n\n\n<div class=\"wp-block-image\"><figure class=\"alignleft size-large is-resized\"><a href=\"http:\/\/souheil-salame.com\/index.php\/cristallisations-2\/rauba-capeu-nice-2\/\"><img loading=\"lazy\" src=\"http:\/\/souheil-salame.com\/wp-content\/uploads\/2023\/01\/rauba-capeu-2016-684x1024.jpg\" alt=\"\" class=\"wp-image-1419\" width=\"341\" height=\"511\" srcset=\"https:\/\/souheil-salame.com\/wp-content\/uploads\/2023\/01\/rauba-capeu-2016-684x1024.jpg 684w, https:\/\/souheil-salame.com\/wp-content\/uploads\/2023\/01\/rauba-capeu-2016-200x300.jpg 200w, https:\/\/souheil-salame.com\/wp-content\/uploads\/2023\/01\/rauba-capeu-2016-768x1150.jpg 768w, https:\/\/souheil-salame.com\/wp-content\/uploads\/2023\/01\/rauba-capeu-2016-1026x1536.jpg 1026w, https:\/\/souheil-salame.com\/wp-content\/uploads\/2023\/01\/rauba-capeu-2016-1368x2048.jpg 1368w, https:\/\/souheil-salame.com\/wp-content\/uploads\/2023\/01\/rauba-capeu-2016-scaled.jpg 1710w\" sizes=\"(max-width: 341px) 100vw, 341px\" \/><\/a><figcaption>Rauba Capeu  (cristallisation 60&#215;60 cm &#8211; Cadre 90&#215;90 sur socle bas)<br><\/figcaption><\/figure><\/div>\n\n\n\n<div class=\"wp-block-image\"><figure class=\"alignleft is-resized\"><a href=\"http:\/\/souheil-salame.com\/index.php\/cristallisations-2\/pointe-de-la-gavinette-st-jean-cap-ferrat\/\"><img loading=\"lazy\" src=\"http:\/\/souheil-salame.com\/wp-content\/uploads\/2021\/11\/DSC2028-scaled.jpg\" alt=\"Pr\u00e9sentation\" width=\"319\" height=\"509\" title=\"Pointe Gavinette\"\/><\/a><figcaption>Pointe de la Gavinette (cristallisation 30&#215;30 cm &#8211; cadre sur socle vertical)<\/figcaption><\/figure><\/div>\n\n\n\n<div class=\"wp-block-image\"><figure class=\"alignleft is-resized\"><a href=\"http:\/\/souheil-salame.com\/index.php\/cristallisations-2\/pointe-des-hospices-st-jean-cap-ferrat\/\"><img loading=\"lazy\" src=\"http:\/\/souheil-salame.com\/wp-content\/uploads\/2021\/10\/DSC1093-scaled.jpg\" alt=\"Pr\u00e9sentation\" width=\"331\" height=\"506\" title=\"Pointe des Hospices\"\/><\/a><figcaption>Pointe des Hospices  (cristallisation 25&#215;25 cm &#8211; cadre sur socle vertical) )<\/figcaption><\/figure><\/div>\n\n\n\n<div style=\"height:100px\" aria-hidden=\"true\" class=\"wp-block-spacer\"><\/div>\n\n\n\n<div class=\"wp-block-image\"><figure class=\"alignleft size-large is-resized\"><a href=\"http:\/\/souheil-salame.com\/index.php\/cristallisations-2\/anse-des-fossettes-st-jean-cap-ferrat\/\"><img loading=\"lazy\" src=\"http:\/\/souheil-salame.com\/wp-content\/uploads\/2021\/10\/DSC1226-scaled-682x1024.jpg\" alt=\"\" class=\"wp-image-1170\" width=\"281\" height=\"422\" srcset=\"https:\/\/souheil-salame.com\/wp-content\/uploads\/2021\/10\/DSC1226-scaled-682x1024.jpg 682w, https:\/\/souheil-salame.com\/wp-content\/uploads\/2021\/10\/DSC1226-200x300.jpg 200w, https:\/\/souheil-salame.com\/wp-content\/uploads\/2021\/10\/DSC1226-768x1154.jpg 768w, https:\/\/souheil-salame.com\/wp-content\/uploads\/2021\/10\/DSC1226-1022x1536.jpg 1022w, https:\/\/souheil-salame.com\/wp-content\/uploads\/2021\/10\/DSC1226-1363x2048.jpg 1363w, https:\/\/souheil-salame.com\/wp-content\/uploads\/2021\/10\/DSC1226-scaled.jpg 1704w\" sizes=\"(max-width: 281px) 100vw, 281px\" \/><\/a><figcaption>Anse des Fossettes apr\u00e8s la temp\u00eate Alex ( cristallisation 30&#215;30 cm &#8211; cadre sur socle inclin\u00e9 &#8211; \u00e9clairage int\u00e9gr\u00e9)<\/figcaption><\/figure><\/div>\n\n\n\n<div class=\"wp-block-image\"><figure class=\"alignleft size-large is-resized\"><img loading=\"lazy\" src=\"http:\/\/souheil-salame.com\/wp-content\/uploads\/2021\/11\/DSC1993-scaled-682x1024.jpg\" alt=\"_DSC1993\" class=\"wp-image-1210\" width=\"331\" height=\"500\"\/><figcaption>Sel noir de Chypre ( cristallisation 30&#215;30 cm &#8211; cadre sur socle inclin\u00e9 &#8211; \u00e9clairage int\u00e9gr\u00e9)<\/figcaption><\/figure><\/div>\n\n\n\n<div class=\"wp-block-image\"><figure class=\"alignleft size-large is-resized\"><img loading=\"lazy\" src=\"http:\/\/souheil-salame.com\/wp-content\/uploads\/2020\/08\/hawai-pied-1024x1024.jpg\" alt=\"hawai-pied\" class=\"wp-image-875\" width=\"339\" height=\"339\" srcset=\"https:\/\/souheil-salame.com\/wp-content\/uploads\/2020\/08\/hawai-pied-1024x1024.jpg 1024w, https:\/\/souheil-salame.com\/wp-content\/uploads\/2020\/08\/hawai-pied-300x300.jpg 300w, https:\/\/souheil-salame.com\/wp-content\/uploads\/2020\/08\/hawai-pied-150x150.jpg 150w, https:\/\/souheil-salame.com\/wp-content\/uploads\/2020\/08\/hawai-pied-768x768.jpg 768w, https:\/\/souheil-salame.com\/wp-content\/uploads\/2020\/08\/hawai-pied.jpg 1200w\" sizes=\"(max-width: 339px) 100vw, 339px\" \/><figcaption>Sel rose de l&rsquo;Himalaya (cristallisation 25&#215;25 &#8211; cadre sur socle vertical &#8211; \u00e9clairage arri\u00e8re<\/figcaption><\/figure><\/div>\n","protected":false},"excerpt":{"rendered":"<p>Chaque pi\u00e8ce est constitu\u00e9e d\u2019un cadre dans lequel s\u2019ench\u00e2sse la \u00ab&nbsp;cristallisation&nbsp;\u00bb. Le cadre est fix\u00e9 sur son socle. Dans les cristallisations marines un syst\u00e8me audio ainsi qu&rsquo;un \u00e9clairage sont incorpor\u00e9s dans ce volume. Un texte, &hellip;<\/p>\n","protected":false},"author":1,"featured_media":0,"parent":0,"menu_order":0,"comment_status":"closed","ping_status":"closed","template":"","meta":[],"_links":{"self":[{"href":"https:\/\/souheil-salame.com\/index.php\/wp-json\/wp\/v2\/pages\/1193"}],"collection":[{"href":"https:\/\/souheil-salame.com\/index.php\/wp-json\/wp\/v2\/pages"}],"about":[{"href":"https:\/\/souheil-salame.com\/index.php\/wp-json\/wp\/v2\/types\/page"}],"author":[{"embeddable":true,"href":"https:\/\/souheil-salame.com\/index.php\/wp-json\/wp\/v2\/users\/1"}],"replies":[{"embeddable":true,"href":"https:\/\/souheil-salame.com\/index.php\/wp-json\/wp\/v2\/comments?post=1193"}],"version-history":[{"count":64,"href":"https:\/\/souheil-salame.com\/index.php\/wp-json\/wp\/v2\/pages\/1193\/revisions"}],"predecessor-version":[{"id":1437,"href":"https:\/\/souheil-salame.com\/index.php\/wp-json\/wp\/v2\/pages\/1193\/revisions\/1437"}],"wp:attachment":[{"href":"https:\/\/souheil-salame.com\/index.php\/wp-json\/wp\/v2\/media?parent=1193"}],"curies":[{"name":"wp","href":"https:\/\/api.w.org\/{rel}","templated":true}]}}