{"id":1402,"date":"2023-01-04T11:17:50","date_gmt":"2023-01-04T10:17:50","guid":{"rendered":"http:\/\/souheil-salame.com\/?page_id=1402"},"modified":"2023-01-04T12:29:56","modified_gmt":"2023-01-04T11:29:56","slug":"biographie","status":"publish","type":"page","link":"https:\/\/souheil-salame.com\/index.php\/biographie\/","title":{"rendered":"BIOGRAPHIE"},"content":{"rendered":"<div class=\"wp-block-image\">\r\n<figure class=\"alignleft\"><img loading=\"lazy\" class=\"wp-image-807  alignleft\" src=\"http:\/\/souheil-salame.com\/wp-content\/uploads\/2020\/08\/portrait-JC-1024x684.jpg\" alt=\"\" width=\"530\" height=\"358\" \/><\/figure>\r\n<\/div>\r\n\r\n<p>Souheil Salam\u00e9 est n\u00e9 \u00e0 Alexandrie, en Egypte.<\/p>\r\n\r\n\r\n\r\n<p>Une adolescence marqu\u00e9e par la guerre. Des origines m\u00eal\u00e9es, libanaise, \u00e9gyptienne et syrienne du c\u00f4t\u00e9 de son p\u00e8re, fran\u00e7aise et anglaise par sa m\u00e8re, d\u00e9terminent une profonde identit\u00e9 orientale, occidentale et surtout m\u00e9diterran\u00e9enne.<\/p>\r\n\r\n\r\n\r\n<p>Il est int\u00e9ress\u00e9 par les voyages, l&rsquo;art et la communication qu&rsquo;il \u00e9tudie aux Etats-Unis et \u00e0 Paris.<\/p>\r\n\r\n\r\n\r\n<p>Apr\u00e8s ses \u00e9tudes secondaires \u00e0 Beyrouth, la Villa Arson \u00e0 Nice, un dipl\u00f4me de communication \u00e0 Paris I, il exerce successivement ses talents tr\u00e8s divers dans le journalisme, l&rsquo;\u00e9criture, l&rsquo;illustration et le cin\u00e9ma.<\/p>\r\n\r\n\r\n\r\n<p>Mais surtout, il cr\u00e9e, sur un th\u00e8me qu&rsquo;il affectionne depuis l&rsquo;enfance : le rivage.<\/p>\r\n\r\n\r\n\r\n<p>&nbsp;<\/p>\r\n<p>&nbsp;<\/p>\r\n<h6>PARCOURS<\/h6>\r\n\r\n\r\n\r\n<p><strong>2019<\/strong> Exposition Fragments de M\u00e9diterran\u00e9e, Galerie-Librairie Rabelais, Nice\u00a0 <strong>2017<\/strong> Exposition Cristallisations Marines, Citadelle de Villefranche-sur-Mer\u00a0 <strong>2015<\/strong> Exposition Arts et Sciences, cristallisations Marines, Observatoire Oc\u00e9anologique de Villefranche-sur-Mer\u00a0 <strong>2014<\/strong> Exposition dans le cadre du Festival No Made, Cap-d\u2019Ail\u00a0 <strong>2005<\/strong> Exposition Cannes Water Symposium, Palais des Festivals, Cannes\u00a0 <strong>2003<\/strong> Exposition Rivages, dans le cadre de l\u2019Unesco, La navigation du Savoir, Citadelle de Villefranche\u00a0 <strong>2003<\/strong> M\u00e9moires de terre et de mer, Galerie des Bains-Douches, Antibes\u00a0 <strong>2001<\/strong> Exposition Rivages, Galerie des Ponchettes, Nice\u00a0 <strong>2000<\/strong> Exposition dans le cadre du Festival Manca, Galerie Soardi, Nice\u00a0 <strong>2000<\/strong> Prix UMAM et Prix de la Ville de Nice\u00a0 <strong>1999<\/strong> \u00c9mission Thalassa (FR3) : reportage sur les \u00ab cristallisations marines \u00bb\u00a0 <strong>1998-99<\/strong> Exposition de travaux graphiques, Galeries Tatoo (Nice), Bains-Douches (Antibes)\u00a0 <strong>1997<\/strong> Premi\u00e8res recherches sur les \u00ab cristallisations marines \u00bb\u00a0 <strong>1995-96<\/strong> \u00c9cole M\u00e9diterran\u00e9enne des Jardins et du Paysage, Grasse\u00a0 <strong>1992-94<\/strong> Presse (graphiste-illustrateur)\u00a0 <strong>1987-89 <\/strong>Peinture murale, d\u00e9coration (avec Sabina Braxton)\u00a0 <strong>1986<\/strong> Publicis Conseil, Paris\u00a0 <strong>1985<\/strong> DESS Cin\u00e9ma et Communication, universit\u00e9 de Paris 1\u00a0 <strong>1984<\/strong> DNSEP Nice, Villa Arson\u00a0 <strong>1960<\/strong> Naissance. \u00a0<\/p>\r\n","protected":false},"excerpt":{"rendered":"<p>Souheil Salam\u00e9 est n\u00e9 \u00e0 Alexandrie, en Egypte. Une adolescence marqu\u00e9e par la guerre. Des origines m\u00eal\u00e9es, libanaise, \u00e9gyptienne et syrienne du c\u00f4t\u00e9 de son p\u00e8re, fran\u00e7aise et anglaise par sa m\u00e8re, d\u00e9terminent une profonde &hellip;<\/p>\n","protected":false},"author":1,"featured_media":0,"parent":0,"menu_order":0,"comment_status":"closed","ping_status":"closed","template":"","meta":[],"_links":{"self":[{"href":"https:\/\/souheil-salame.com\/index.php\/wp-json\/wp\/v2\/pages\/1402"}],"collection":[{"href":"https:\/\/souheil-salame.com\/index.php\/wp-json\/wp\/v2\/pages"}],"about":[{"href":"https:\/\/souheil-salame.com\/index.php\/wp-json\/wp\/v2\/types\/page"}],"author":[{"embeddable":true,"href":"https:\/\/souheil-salame.com\/index.php\/wp-json\/wp\/v2\/users\/1"}],"replies":[{"embeddable":true,"href":"https:\/\/souheil-salame.com\/index.php\/wp-json\/wp\/v2\/comments?post=1402"}],"version-history":[{"count":4,"href":"https:\/\/souheil-salame.com\/index.php\/wp-json\/wp\/v2\/pages\/1402\/revisions"}],"predecessor-version":[{"id":1413,"href":"https:\/\/souheil-salame.com\/index.php\/wp-json\/wp\/v2\/pages\/1402\/revisions\/1413"}],"wp:attachment":[{"href":"https:\/\/souheil-salame.com\/index.php\/wp-json\/wp\/v2\/media?parent=1402"}],"curies":[{"name":"wp","href":"https:\/\/api.w.org\/{rel}","templated":true}]}}