{"id":345,"date":"2020-08-05T11:51:35","date_gmt":"2020-08-05T09:51:35","guid":{"rendered":"http:\/\/souheil-salame.com\/?page_id=345"},"modified":"2020-08-26T16:26:33","modified_gmt":"2020-08-26T14:26:33","slug":"sinscrire-dans-un-paysage","status":"publish","type":"page","link":"https:\/\/souheil-salame.com\/index.php\/textes\/sinscrire-dans-un-paysage\/","title":{"rendered":"\u00ab S&rsquo;inscrire dans un paysage \u00bb"},"content":{"rendered":"<figure id=\"attachment_854\" aria-describedby=\"caption-attachment-854\" style=\"width: 600px\" class=\"wp-caption alignleft\"><img loading=\"lazy\" class=\"wp-image-854\" src=\"http:\/\/souheil-salame.com\/wp-content\/uploads\/2020\/08\/sans-titre-22-scaled.jpg\" alt=\"\" width=\"600\" height=\"400\" srcset=\"https:\/\/souheil-salame.com\/wp-content\/uploads\/2020\/08\/sans-titre-22-scaled.jpg 2560w, https:\/\/souheil-salame.com\/wp-content\/uploads\/2020\/08\/sans-titre-22-scaled-300x200.jpg 300w, https:\/\/souheil-salame.com\/wp-content\/uploads\/2020\/08\/sans-titre-22-scaled-1024x683.jpg 1024w, https:\/\/souheil-salame.com\/wp-content\/uploads\/2020\/08\/sans-titre-22-768x512.jpg 768w, https:\/\/souheil-salame.com\/wp-content\/uploads\/2020\/08\/sans-titre-22-scaled-1536x1024.jpg 1536w, https:\/\/souheil-salame.com\/wp-content\/uploads\/2020\/08\/sans-titre-22-scaled-2048x1366.jpg 2048w, https:\/\/souheil-salame.com\/wp-content\/uploads\/2020\/08\/sans-titre-22-scaled-450x300.jpg 450w\" sizes=\"(max-width: 600px) 100vw, 600px\" \/><figcaption id=\"caption-attachment-854\" class=\"wp-caption-text\">Photo Bruno Maffre<\/figcaption><\/figure>\n<p>J&rsquo;ai senti, depuis longtemps, l&rsquo;envie de m&rsquo;inscrire dans un paysage, de me fondre dans un espace. Quand j&rsquo;\u00e9tais enfant, je laissais ou plut\u00f4t dissimulais dans une anfractuosit\u00e9 d&rsquo;une roche, le creux d&rsquo;un arbre, quelque chose que je poss\u00e9dais et que j&rsquo;avais dans mes poches. Je faisais une offrande \u00e0 ce lieu qui avait fait na\u00eetre en moi des \u00e9motions. Je me demandais si j&rsquo;allais retrouver l&rsquo;objet cach\u00e9, quelques ann\u00e9es plus tard.<\/p>\n<p>D&rsquo;autres fois, j&rsquo;inscrivais avec mes crayons de couleur qui d\u00e9sormais ne me quittaient plus, sur un rocher, l&rsquo;\u00e9corce d&rsquo;un arbre ou un vieux mur envahi de mousse, mes initiales ou une petite phrase relatant ma conqu\u00eate du lieu.<\/p>\n<p>Petit, je me baladais sur les rivages d&rsquo;Alexandrie. Je ramassais des coquillages, des bouts de verre d\u00e9polis par les vagues et le temps, des sacs en plastique aussi, de toutes les couleurs sur lesquels il y avait des inscriptions, des signes et bien d&rsquo;autres choses encore. Je ramenais tout cela \u00e0 la maison. Mon p\u00e8re, apr\u00e8s inspection de ma collecte disait \u00ab &#8230; ce sac vient de tr\u00e8s loin, le courant l&rsquo;aura amen\u00e9 jusqu&rsquo;ici&#8230; \u00bb. J&rsquo;\u00e9tais fier de l&rsquo;avoir trouv\u00e9.<\/p>\n<p>Plus tard, apr\u00e8s l&rsquo;exil de mes parents pour le Liban, cons\u00e9quence du grand tumulte propageant ses ondes destructrices dans la r\u00e9gion, je me lan\u00e7ais \u00e0 la d\u00e9couverte de nouveaux territoires. J&rsquo;arpentais le bord de mer, jouais avec les vagues et tentais de percevoir les \u00e9chos d&rsquo;une ville lointaine. Les go\u00e9lands me r\u00e9pondaient de leurs cris sardoniques et nostalgiques.<\/p>\n<p>Il m&rsquo;arrivait aussi de m&rsquo;aventurer dans les vallons encaiss\u00e9s du Mont-Liban qui d\u00e9gringolent en cascades depuis leurs sommets o\u00f9 pousse le c\u00e8dre mill\u00e9naire, jusqu&rsquo;aux rivages ph\u00e9niciens.\u00a0 L\u00e0, envahi par la v\u00e9g\u00e9tation luxuriante, je tombai nez \u00e0 nez face \u00e0 un signe myst\u00e9rieux grav\u00e9 au pied d&rsquo;une paroi rocheuse. Une intense \u00e9motion me prit \u00e0 l&rsquo;id\u00e9e de savoir qu&rsquo;un humain, \u00e0 une \u00e9poque recul\u00e9e faisait exactement la m\u00eame chose que ce que je faisais et continue \u00e0 faire. J&rsquo;\u00e9tais \u00e9merveill\u00e9, un fil t\u00e9nu me reliait \u00e0 une ancienne civilisation disparue, ou peut-\u00eatre encore secr\u00e8tement en vie, cach\u00e9e dans ces vallons inaccessibles.<\/p>\n<p>J&rsquo;erre sur le rivage, m&rsquo;impr\u00e8gne de cette fronti\u00e8re fluide entre terre et mer, puise de l&rsquo;eau, glane quelques algues et v\u00e9g\u00e9taux, enregistre les vagues, le vent et les caprices du hasard. Des couleurs attirent mon attention, ce sont des sacs en plastique et autres d\u00e9bris naufrag\u00e9s sur le rivage, pacotilles de nos vies.<\/p>\n<p>Je ram\u00e8ne tous ces \u00e9l\u00e9ments dans mon atelier. L\u00e0, c&rsquo;est \u00e0 leur tour de se fondre dans mon espace, de s&rsquo;inscrire dans mon paysage, et de se transformer en cristallisation marine. \u00bb<\/p>\n<p>Souheil 2015<\/p>\n","protected":false},"excerpt":{"rendered":"<p>J&rsquo;ai senti, depuis longtemps, l&rsquo;envie de m&rsquo;inscrire dans un paysage, de me fondre dans un espace. Quand j&rsquo;\u00e9tais enfant, je laissais ou plut\u00f4t dissimulais dans une anfractuosit\u00e9 d&rsquo;une roche, le creux d&rsquo;un arbre, quelque chose &hellip;<\/p>\n","protected":false},"author":1,"featured_media":0,"parent":709,"menu_order":0,"comment_status":"closed","ping_status":"closed","template":"","meta":[],"_links":{"self":[{"href":"https:\/\/souheil-salame.com\/index.php\/wp-json\/wp\/v2\/pages\/345"}],"collection":[{"href":"https:\/\/souheil-salame.com\/index.php\/wp-json\/wp\/v2\/pages"}],"about":[{"href":"https:\/\/souheil-salame.com\/index.php\/wp-json\/wp\/v2\/types\/page"}],"author":[{"embeddable":true,"href":"https:\/\/souheil-salame.com\/index.php\/wp-json\/wp\/v2\/users\/1"}],"replies":[{"embeddable":true,"href":"https:\/\/souheil-salame.com\/index.php\/wp-json\/wp\/v2\/comments?post=345"}],"version-history":[{"count":8,"href":"https:\/\/souheil-salame.com\/index.php\/wp-json\/wp\/v2\/pages\/345\/revisions"}],"predecessor-version":[{"id":863,"href":"https:\/\/souheil-salame.com\/index.php\/wp-json\/wp\/v2\/pages\/345\/revisions\/863"}],"up":[{"embeddable":true,"href":"https:\/\/souheil-salame.com\/index.php\/wp-json\/wp\/v2\/pages\/709"}],"wp:attachment":[{"href":"https:\/\/souheil-salame.com\/index.php\/wp-json\/wp\/v2\/media?parent=345"}],"curies":[{"name":"wp","href":"https:\/\/api.w.org\/{rel}","templated":true}]}}