{"id":396,"date":"2020-08-06T07:43:03","date_gmt":"2020-08-06T05:43:03","guid":{"rendered":"http:\/\/souheil-salame.com\/?page_id=396"},"modified":"2023-03-02T16:13:11","modified_gmt":"2023-03-02T15:13:11","slug":"cristallisations-2","status":"publish","type":"page","link":"https:\/\/souheil-salame.com\/index.php\/cristallisations-2\/","title":{"rendered":"CRISTAUX DE MER"},"content":{"rendered":"\r\n<p>Elles sont opalescentes ou l\u00e9g\u00e8rement teint\u00e9es d&rsquo;ocre. Ces teintes sont le r\u00e9sultat des conditions m\u00e9t\u00e9orologiques du moment, lors du pr\u00e9l\u00e8vement marin. En effet, par temps agit\u00e9 l&rsquo;eau de mer est plus riche en s\u00e9diments de toutes sortes. Ce sont eux qui donnent ces l\u00e9g\u00e8res nuances allant du brun \u00e0 l&rsquo;ocre p\u00e2le. pour d&rsquo;autres, ce sont les algues ramass\u00e9es sur le rivage et bouillies lors du conditionnement de l&rsquo;eau de mer qui teintent la cristallisation.<\/p>\r\n<p>Vitraux naturels ou encore mosa\u00efques compos\u00e9es de tesselles de lumi\u00e8re\u2026 Ces cristaux de sel se d\u00e9posent et s&rsquo;assemblent selon des inclinaisons vari\u00e9es, cr\u00e9ant ainsi des architectures en forme de fleurs, de feuilles, de rosaces aux multiples facettes \u00e9tincelantes et glac\u00e9es. Topographie saline faite de protub\u00e9rances h\u00e9riss\u00e9es, de crevasses, de chemin\u00e9es, de d\u00e9pressions et de reliefs\u2026 C&rsquo;est la <em>chair<\/em> de la cristallisation.<\/p>\r\n<p>&nbsp;<\/p>\r\n<figure id=\"attachment_1003\" aria-describedby=\"caption-attachment-1003\" style=\"width: 150px\" class=\"wp-caption alignleft\"><a href=\"http:\/\/souheil-salame.com\/index.php\/cristallisations-2\/port-de-nice\/\"><img loading=\"lazy\" class=\"wp-image-1003 size-thumbnail\" src=\"http:\/\/souheil-salame.com\/wp-content\/uploads\/2020\/10\/port-de-Nice-JC-150x150.jpg\" alt=\"\" width=\"150\" height=\"150\" srcset=\"https:\/\/souheil-salame.com\/wp-content\/uploads\/2020\/10\/port-de-Nice-JC-150x150.jpg 150w, https:\/\/souheil-salame.com\/wp-content\/uploads\/2020\/10\/port-de-Nice-JC-scaled-300x300.jpg 300w, https:\/\/souheil-salame.com\/wp-content\/uploads\/2020\/10\/port-de-Nice-JC-1024x1024.jpg 1024w, https:\/\/souheil-salame.com\/wp-content\/uploads\/2020\/10\/port-de-Nice-JC-768x768.jpg 768w, https:\/\/souheil-salame.com\/wp-content\/uploads\/2020\/10\/port-de-Nice-JC-1536x1536.jpg 1536w, https:\/\/souheil-salame.com\/wp-content\/uploads\/2020\/10\/port-de-Nice-JC-2048x2048.jpg 2048w\" sizes=\"(max-width: 150px) 100vw, 150px\" \/><\/a><figcaption id=\"caption-attachment-1003\" class=\"wp-caption-text\">Port de Nice<\/figcaption><\/figure>\r\n<figure id=\"attachment_1000\" aria-describedby=\"caption-attachment-1000\" style=\"width: 150px\" class=\"wp-caption alignleft\"><a href=\"http:\/\/souheil-salame.com\/index.php\/cristallisations-2\/port-dantibes\/\"><img loading=\"lazy\" class=\"wp-image-1000 size-thumbnail\" src=\"http:\/\/souheil-salame.com\/wp-content\/uploads\/2020\/10\/port-dantibes-JC-150x150.jpg\" alt=\"Port d&amp;#039;Antibes - d\u00e9tail\" width=\"150\" height=\"150\" srcset=\"https:\/\/souheil-salame.com\/wp-content\/uploads\/2020\/10\/port-dantibes-JC-150x150.jpg 150w, https:\/\/souheil-salame.com\/wp-content\/uploads\/2020\/10\/port-dantibes-JC-scaled-300x300.jpg 300w, https:\/\/souheil-salame.com\/wp-content\/uploads\/2020\/10\/port-dantibes-JC-1024x1024.jpg 1024w, https:\/\/souheil-salame.com\/wp-content\/uploads\/2020\/10\/port-dantibes-JC-768x768.jpg 768w, https:\/\/souheil-salame.com\/wp-content\/uploads\/2020\/10\/port-dantibes-JC-1536x1536.jpg 1536w, https:\/\/souheil-salame.com\/wp-content\/uploads\/2020\/10\/port-dantibes-JC-2048x2048.jpg 2048w\" sizes=\"(max-width: 150px) 100vw, 150px\" \/><\/a><figcaption id=\"caption-attachment-1000\" class=\"wp-caption-text\">Port d&rsquo;Antibes<\/figcaption><\/figure>\r\n<figure id=\"attachment_471\" aria-describedby=\"caption-attachment-471\" style=\"width: 150px\" class=\"wp-caption alignleft\"><a href=\"http:\/\/souheil-salame.com\/index.php\/cristallisations-2\/pointe-des-sans-culotte\/\"><img loading=\"lazy\" class=\"wp-image-471 size-thumbnail\" src=\"http:\/\/souheil-salame.com\/wp-content\/uploads\/2020\/08\/pointe-des-sans-culottes-1-150x150.jpg\" alt=\"cristallisation termin\u00e9e\" width=\"150\" height=\"150\" srcset=\"https:\/\/souheil-salame.com\/wp-content\/uploads\/2020\/08\/pointe-des-sans-culottes-1-150x150.jpg 150w, https:\/\/souheil-salame.com\/wp-content\/uploads\/2020\/08\/pointe-des-sans-culottes-1-scaled-300x300.jpg 300w, https:\/\/souheil-salame.com\/wp-content\/uploads\/2020\/08\/pointe-des-sans-culottes-1-1024x1024.jpg 1024w, https:\/\/souheil-salame.com\/wp-content\/uploads\/2020\/08\/pointe-des-sans-culottes-1-768x768.jpg 768w, https:\/\/souheil-salame.com\/wp-content\/uploads\/2020\/08\/pointe-des-sans-culottes-1-1536x1536.jpg 1536w, https:\/\/souheil-salame.com\/wp-content\/uploads\/2020\/08\/pointe-des-sans-culottes-1-2048x2048.jpg 2048w\" sizes=\"(max-width: 150px) 100vw, 150px\" \/><\/a><figcaption id=\"caption-attachment-471\" class=\"wp-caption-text\">Sans-Culottes<\/figcaption><\/figure>\r\n<figure id=\"attachment_359\" aria-describedby=\"caption-attachment-359\" style=\"width: 150px\" class=\"wp-caption alignleft\"><a href=\"http:\/\/souheil-salame.com\/index.php\/cristallisations-2\/pointe-rube\/\"><img loading=\"lazy\" class=\"wp-image-359 size-thumbnail\" src=\"http:\/\/souheil-salame.com\/wp-content\/uploads\/2020\/08\/pointe-du-Rub\u00e9-150x150.jpg\" alt=\"Pointe du Rub\u00e9 - d\u00e9tail\" width=\"150\" height=\"150\" srcset=\"https:\/\/souheil-salame.com\/wp-content\/uploads\/2020\/08\/pointe-du-Rub\u00e9-150x150.jpg 150w, https:\/\/souheil-salame.com\/wp-content\/uploads\/2020\/08\/pointe-du-Rub\u00e9-scaled-300x300.jpg 300w, https:\/\/souheil-salame.com\/wp-content\/uploads\/2020\/08\/pointe-du-Rub\u00e9-1024x1024.jpg 1024w, https:\/\/souheil-salame.com\/wp-content\/uploads\/2020\/08\/pointe-du-Rub\u00e9-768x768.jpg 768w, https:\/\/souheil-salame.com\/wp-content\/uploads\/2020\/08\/pointe-du-Rub\u00e9-1536x1536.jpg 1536w, https:\/\/souheil-salame.com\/wp-content\/uploads\/2020\/08\/pointe-du-Rub\u00e9-2048x2048.jpg 2048w\" sizes=\"(max-width: 150px) 100vw, 150px\" \/><\/a><figcaption id=\"caption-attachment-359\" class=\"wp-caption-text\">Pointe de Rub\u00e9<\/figcaption><\/figure>\r\n<figure id=\"attachment_583\" aria-describedby=\"caption-attachment-583\" style=\"width: 150px\" class=\"wp-caption alignleft\"><a href=\"http:\/\/souheil-salame.com\/index.php\/cristallisations-2\/plage-du-lazaret-nice\/\"><img loading=\"lazy\" class=\"wp-image-583 size-thumbnail\" src=\"http:\/\/souheil-salame.com\/wp-content\/uploads\/2020\/08\/lazaret-d\u00e9tail-150x150.jpg\" alt=\"Lazaret\" width=\"150\" height=\"150\" \/><\/a><figcaption id=\"caption-attachment-583\" class=\"wp-caption-text\">Plage du Lazaret<\/figcaption><\/figure>\r\n<figure id=\"attachment_589\" aria-describedby=\"caption-attachment-589\" style=\"width: 150px\" class=\"wp-caption alignleft\"><a href=\"http:\/\/souheil-salame.com\/index.php\/cristallisations-2\/port-de-beaulieu-sur-mer\/\"><img loading=\"lazy\" class=\"wp-image-589 size-thumbnail\" src=\"http:\/\/souheil-salame.com\/wp-content\/uploads\/2020\/08\/Port-de-Beaulieu-sc-150x150.jpg\" alt=\"Port-de-beaulieu-grand-2017\" width=\"150\" height=\"150\" srcset=\"https:\/\/souheil-salame.com\/wp-content\/uploads\/2020\/08\/Port-de-Beaulieu-sc-150x150.jpg 150w, https:\/\/souheil-salame.com\/wp-content\/uploads\/2020\/08\/Port-de-Beaulieu-sc-300x297.jpg 300w, https:\/\/souheil-salame.com\/wp-content\/uploads\/2020\/08\/Port-de-Beaulieu-sc-1024x1014.jpg 1024w, https:\/\/souheil-salame.com\/wp-content\/uploads\/2020\/08\/Port-de-Beaulieu-sc-768x761.jpg 768w, https:\/\/souheil-salame.com\/wp-content\/uploads\/2020\/08\/Port-de-Beaulieu-sc-303x300.jpg 303w, https:\/\/souheil-salame.com\/wp-content\/uploads\/2020\/08\/Port-de-Beaulieu-sc.jpg 1179w\" sizes=\"(max-width: 150px) 100vw, 150px\" \/><\/a><figcaption id=\"caption-attachment-589\" class=\"wp-caption-text\">Port de Beaulieu<\/figcaption><\/figure>\r\n<figure id=\"attachment_372\" aria-describedby=\"caption-attachment-372\" style=\"width: 150px\" class=\"wp-caption alignleft\"><a href=\"http:\/\/souheil-salame.com\/index.php\/cristallisations-2\/tyr-liban\/\"><img loading=\"lazy\" class=\"wp-image-372 size-thumbnail\" src=\"http:\/\/souheil-salame.com\/wp-content\/uploads\/2020\/08\/tyr-liban-150x150.jpg\" alt=\"Tyr\" width=\"150\" height=\"150\" srcset=\"https:\/\/souheil-salame.com\/wp-content\/uploads\/2020\/08\/tyr-liban-150x150.jpg 150w, https:\/\/souheil-salame.com\/wp-content\/uploads\/2020\/08\/tyr-liban-scaled-300x300.jpg 300w, https:\/\/souheil-salame.com\/wp-content\/uploads\/2020\/08\/tyr-liban-1024x1024.jpg 1024w, https:\/\/souheil-salame.com\/wp-content\/uploads\/2020\/08\/tyr-liban-768x768.jpg 768w, https:\/\/souheil-salame.com\/wp-content\/uploads\/2020\/08\/tyr-liban-1536x1536.jpg 1536w, https:\/\/souheil-salame.com\/wp-content\/uploads\/2020\/08\/tyr-liban-2048x2048.jpg 2048w\" sizes=\"(max-width: 150px) 100vw, 150px\" \/><\/a><figcaption id=\"caption-attachment-372\" class=\"wp-caption-text\">Tyr, Liban<\/figcaption><\/figure>\r\n<figure id=\"attachment_683\" aria-describedby=\"caption-attachment-683\" style=\"width: 150px\" class=\"wp-caption alignleft\"><a href=\"http:\/\/souheil-salame.com\/index.php\/cristallisations-2\/rauba-capeu-nice-2\/\"><img loading=\"lazy\" class=\"wp-image-683 size-thumbnail\" src=\"http:\/\/souheil-salame.com\/wp-content\/uploads\/2020\/08\/rauba-capeu-2-de-150x150.jpg\" alt=\"d\u00e9tail\" width=\"150\" height=\"150\" \/><\/a><figcaption id=\"caption-attachment-683\" class=\"wp-caption-text\">Rauba Cape\u00f9<\/figcaption><\/figure>\r\n<figure id=\"attachment_723\" aria-describedby=\"caption-attachment-723\" style=\"width: 150px\" class=\"wp-caption alignleft\"><a href=\"http:\/\/souheil-salame.com\/index.php\/cristallisations-2\/port-de-cannes\/\"><img loading=\"lazy\" class=\"wp-image-723 size-thumbnail\" src=\"http:\/\/souheil-salame.com\/wp-content\/uploads\/2020\/08\/Cannes-gp-150x150.jpg\" alt=\"\" width=\"150\" height=\"150\" \/><\/a><figcaption id=\"caption-attachment-723\" class=\"wp-caption-text\">Port de Cannes<\/figcaption><\/figure>\r\n<figure id=\"attachment_357\" aria-describedby=\"caption-attachment-357\" style=\"width: 150px\" class=\"wp-caption alignleft\"><a href=\"http:\/\/souheil-salame.com\/index.php\/cristallisations-2\/pointe-rascasse-2\/\"><img loading=\"lazy\" class=\"wp-image-357 size-thumbnail\" src=\"http:\/\/souheil-salame.com\/wp-content\/uploads\/2020\/08\/pointe-de-la-rascasse-st-jean-150x150.jpg\" alt=\"\" width=\"150\" height=\"150\" srcset=\"https:\/\/souheil-salame.com\/wp-content\/uploads\/2020\/08\/pointe-de-la-rascasse-st-jean-150x150.jpg 150w, https:\/\/souheil-salame.com\/wp-content\/uploads\/2020\/08\/pointe-de-la-rascasse-st-jean-300x300.jpg 300w, https:\/\/souheil-salame.com\/wp-content\/uploads\/2020\/08\/pointe-de-la-rascasse-st-jean-1024x1024.jpg 1024w, https:\/\/souheil-salame.com\/wp-content\/uploads\/2020\/08\/pointe-de-la-rascasse-st-jean-768x768.jpg 768w, https:\/\/souheil-salame.com\/wp-content\/uploads\/2020\/08\/pointe-de-la-rascasse-st-jean-1536x1536.jpg 1536w, https:\/\/souheil-salame.com\/wp-content\/uploads\/2020\/08\/pointe-de-la-rascasse-st-jean-2048x2048.jpg 2048w\" sizes=\"(max-width: 150px) 100vw, 150px\" \/><\/a><figcaption id=\"caption-attachment-357\" class=\"wp-caption-text\">La Rascasse<\/figcaption><\/figure>\r\n<figure id=\"attachment_451\" aria-describedby=\"caption-attachment-451\" style=\"width: 150px\" class=\"wp-caption alignleft\"><a href=\"http:\/\/souheil-salame.com\/index.php\/cristallisations-2\/posidonie-du-cap-ferrat\/\"><img loading=\"lazy\" class=\"wp-image-451 size-thumbnail\" src=\"http:\/\/souheil-salame.com\/wp-content\/uploads\/2020\/08\/posidonies-du-cap-2-scaled-e1596722359584-150x150.jpg\" alt=\"Posidonies du Cap\" width=\"150\" height=\"150\" \/><\/a><figcaption id=\"caption-attachment-451\" class=\"wp-caption-text\">Posidonies du Cap<\/figcaption><\/figure>\r\n<figure id=\"attachment_566\" aria-describedby=\"caption-attachment-566\" style=\"width: 150px\" class=\"wp-caption alignleft\"><a href=\"http:\/\/souheil-salame.com\/index.php\/cristallisations-2\/port-de-menton\/\"><img loading=\"lazy\" class=\"wp-image-566 size-thumbnail\" src=\"http:\/\/souheil-salame.com\/wp-content\/uploads\/2020\/08\/Menton-grand-150x150.jpg\" alt=\"\" width=\"150\" height=\"150\" \/><\/a><figcaption id=\"caption-attachment-566\" class=\"wp-caption-text\">Port de Menton<\/figcaption><\/figure>\r\n<figure id=\"attachment_1057\" aria-describedby=\"caption-attachment-1057\" style=\"width: 150px\" class=\"wp-caption alignleft\"><a href=\"http:\/\/souheil-salame.com\/index.php\/cristallisations-2\/coco-beach\/\"><img loading=\"lazy\" class=\"wp-image-1057 size-thumbnail\" src=\"http:\/\/souheil-salame.com\/wp-content\/uploads\/2021\/02\/cocobeach-150x150.jpg\" alt=\"\" width=\"150\" height=\"150\" srcset=\"https:\/\/souheil-salame.com\/wp-content\/uploads\/2021\/02\/cocobeach-150x150.jpg 150w, https:\/\/souheil-salame.com\/wp-content\/uploads\/2021\/02\/cocobeach-300x300.jpg 300w, https:\/\/souheil-salame.com\/wp-content\/uploads\/2021\/02\/cocobeach.jpg 322w\" sizes=\"(max-width: 150px) 100vw, 150px\" \/><\/a><figcaption id=\"caption-attachment-1057\" class=\"wp-caption-text\">Coco Beach<\/figcaption><\/figure>\r\n<figure id=\"attachment_1138\" aria-describedby=\"caption-attachment-1138\" style=\"width: 150px\" class=\"wp-caption alignleft\"><a href=\"http:\/\/souheil-salame.com\/index.php\/cristallisations-2\/pointe-moulalier-st-jean-cap-ferrat\/\"><img loading=\"lazy\" class=\"wp-image-1138 size-thumbnail\" src=\"http:\/\/souheil-salame.com\/wp-content\/uploads\/2021\/10\/DSC6195-150x150.jpg\" alt=\"\" width=\"150\" height=\"150\" srcset=\"https:\/\/souheil-salame.com\/wp-content\/uploads\/2021\/10\/DSC6195-150x150.jpg 150w, https:\/\/souheil-salame.com\/wp-content\/uploads\/2021\/10\/DSC6195-300x297.jpg 300w, https:\/\/souheil-salame.com\/wp-content\/uploads\/2021\/10\/DSC6195-1024x1014.jpg 1024w, https:\/\/souheil-salame.com\/wp-content\/uploads\/2021\/10\/DSC6195-768x761.jpg 768w, https:\/\/souheil-salame.com\/wp-content\/uploads\/2021\/10\/DSC6195-1536x1521.jpg 1536w, https:\/\/souheil-salame.com\/wp-content\/uploads\/2021\/10\/DSC6195-303x300.jpg 303w, https:\/\/souheil-salame.com\/wp-content\/uploads\/2021\/10\/DSC6195.jpg 1670w\" sizes=\"(max-width: 150px) 100vw, 150px\" \/><\/a><figcaption id=\"caption-attachment-1138\" class=\"wp-caption-text\">Pointe Moulalier<\/figcaption><\/figure>\r\n<figure id=\"attachment_1110\" aria-describedby=\"caption-attachment-1110\" style=\"width: 150px\" class=\"wp-caption alignleft\"><a href=\"http:\/\/souheil-salame.com\/index.php\/cristallisations-2\/pointe-des-hospices-st-jean-cap-ferrat\/\"><img loading=\"lazy\" class=\"wp-image-1110 size-thumbnail\" src=\"http:\/\/souheil-salame.com\/wp-content\/uploads\/2021\/10\/DSC6084-150x150.jpg\" alt=\"\" width=\"150\" height=\"150\" srcset=\"https:\/\/souheil-salame.com\/wp-content\/uploads\/2021\/10\/DSC6084-150x150.jpg 150w, https:\/\/souheil-salame.com\/wp-content\/uploads\/2021\/10\/DSC6084-300x300.jpg 300w, https:\/\/souheil-salame.com\/wp-content\/uploads\/2021\/10\/DSC6084-1019x1024.jpg 1019w, https:\/\/souheil-salame.com\/wp-content\/uploads\/2021\/10\/DSC6084-768x771.jpg 768w, https:\/\/souheil-salame.com\/wp-content\/uploads\/2021\/10\/DSC6084-1529x1536.jpg 1529w, https:\/\/souheil-salame.com\/wp-content\/uploads\/2021\/10\/DSC6084-299x300.jpg 299w, https:\/\/souheil-salame.com\/wp-content\/uploads\/2021\/10\/DSC6084.jpg 2000w\" sizes=\"(max-width: 150px) 100vw, 150px\" \/><\/a><figcaption id=\"caption-attachment-1110\" class=\"wp-caption-text\">Pointe des Hospices<\/figcaption><\/figure>\r\n<figure id=\"attachment_1149\" aria-describedby=\"caption-attachment-1149\" style=\"width: 150px\" class=\"wp-caption alignleft\"><a href=\"http:\/\/souheil-salame.com\/index.php\/cristallisations-2\/rade-de-villefranche-sur-mer\/\"><img loading=\"lazy\" class=\"wp-image-1149 size-thumbnail\" src=\"http:\/\/souheil-salame.com\/wp-content\/uploads\/2021\/10\/8107981-150x150.jpg\" alt=\"\" width=\"150\" height=\"150\" \/><\/a><figcaption id=\"caption-attachment-1149\" class=\"wp-caption-text\">Rade de Villefranche<\/figcaption><\/figure>\r\n<figure id=\"attachment_1163\" aria-describedby=\"caption-attachment-1163\" style=\"width: 150px\" class=\"wp-caption alignleft\"><a href=\"http:\/\/souheil-salame.com\/index.php\/cristallisations-2\/anse-des-fossettes-st-jean-cap-ferrat\/\"><img loading=\"lazy\" class=\"wp-image-1163 size-thumbnail\" src=\"http:\/\/souheil-salame.com\/wp-content\/uploads\/2021\/10\/DSC6229-150x150.jpg\" alt=\"\" width=\"150\" height=\"150\" srcset=\"https:\/\/souheil-salame.com\/wp-content\/uploads\/2021\/10\/DSC6229-150x150.jpg 150w, https:\/\/souheil-salame.com\/wp-content\/uploads\/2021\/10\/DSC6229-300x297.jpg 300w, https:\/\/souheil-salame.com\/wp-content\/uploads\/2021\/10\/DSC6229-303x300.jpg 303w\" sizes=\"(max-width: 150px) 100vw, 150px\" \/><\/a><figcaption id=\"caption-attachment-1163\" class=\"wp-caption-text\">Temp\u00eate Alex<\/figcaption><\/figure>\r\n<figure id=\"attachment_1085\" aria-describedby=\"caption-attachment-1085\" style=\"width: 150px\" class=\"wp-caption alignleft\"><a href=\"http:\/\/souheil-salame.com\/index.php\/cristallisations-2\/anse-de-largent-faux-antibes\/\"><img loading=\"lazy\" class=\"wp-image-1085 size-thumbnail\" src=\"http:\/\/souheil-salame.com\/wp-content\/uploads\/2021\/10\/Anse-Argentfaux2-150x150.jpg\" alt=\"Anse Argent Faux\" width=\"150\" height=\"150\" srcset=\"https:\/\/souheil-salame.com\/wp-content\/uploads\/2021\/10\/Anse-Argentfaux2-150x150.jpg 150w, https:\/\/souheil-salame.com\/wp-content\/uploads\/2021\/10\/Anse-Argentfaux2-300x300.jpg 300w, https:\/\/souheil-salame.com\/wp-content\/uploads\/2021\/10\/Anse-Argentfaux2-1020x1024.jpg 1020w, https:\/\/souheil-salame.com\/wp-content\/uploads\/2021\/10\/Anse-Argentfaux2-768x771.jpg 768w, https:\/\/souheil-salame.com\/wp-content\/uploads\/2021\/10\/Anse-Argentfaux2-1530x1536.jpg 1530w, https:\/\/souheil-salame.com\/wp-content\/uploads\/2021\/10\/Anse-Argentfaux2-2040x2048.jpg 2040w, https:\/\/souheil-salame.com\/wp-content\/uploads\/2021\/10\/Anse-Argentfaux2-299x300.jpg 299w\" sizes=\"(max-width: 150px) 100vw, 150px\" \/><\/a><figcaption id=\"caption-attachment-1085\" class=\"wp-caption-text\">Anse Argent Faux<\/figcaption><\/figure>\r\n<figure id=\"attachment_1121\" aria-describedby=\"caption-attachment-1121\" style=\"width: 150px\" class=\"wp-caption alignleft\"><a href=\"http:\/\/souheil-salame.com\/index.php\/cristallisations-2\/pointe-de-la-gavinette-st-jean-cap-ferrat\/\"><img loading=\"lazy\" class=\"wp-image-1121 size-thumbnail\" src=\"http:\/\/souheil-salame.com\/wp-content\/uploads\/2021\/10\/DSC8898-150x150.jpg\" alt=\"\" width=\"150\" height=\"150\" \/><\/a><figcaption id=\"caption-attachment-1121\" class=\"wp-caption-text\">Pointe de la Gavinette<\/figcaption><\/figure>\r\n<p><\/p>","protected":false},"excerpt":{"rendered":"<p>Elles sont opalescentes ou l\u00e9g\u00e8rement teint\u00e9es d&rsquo;ocre. Ces teintes sont le r\u00e9sultat des conditions m\u00e9t\u00e9orologiques du moment, lors du pr\u00e9l\u00e8vement marin. En effet, par temps agit\u00e9 l&rsquo;eau de mer est plus riche en s\u00e9diments de &hellip;<\/p>\n","protected":false},"author":1,"featured_media":0,"parent":0,"menu_order":0,"comment_status":"closed","ping_status":"closed","template":"","meta":[],"_links":{"self":[{"href":"https:\/\/souheil-salame.com\/index.php\/wp-json\/wp\/v2\/pages\/396"}],"collection":[{"href":"https:\/\/souheil-salame.com\/index.php\/wp-json\/wp\/v2\/pages"}],"about":[{"href":"https:\/\/souheil-salame.com\/index.php\/wp-json\/wp\/v2\/types\/page"}],"author":[{"embeddable":true,"href":"https:\/\/souheil-salame.com\/index.php\/wp-json\/wp\/v2\/users\/1"}],"replies":[{"embeddable":true,"href":"https:\/\/souheil-salame.com\/index.php\/wp-json\/wp\/v2\/comments?post=396"}],"version-history":[{"count":98,"href":"https:\/\/souheil-salame.com\/index.php\/wp-json\/wp\/v2\/pages\/396\/revisions"}],"predecessor-version":[{"id":1505,"href":"https:\/\/souheil-salame.com\/index.php\/wp-json\/wp\/v2\/pages\/396\/revisions\/1505"}],"wp:attachment":[{"href":"https:\/\/souheil-salame.com\/index.php\/wp-json\/wp\/v2\/media?parent=396"}],"curies":[{"name":"wp","href":"https:\/\/api.w.org\/{rel}","templated":true}]}}