{"id":442,"date":"2020-08-06T15:50:59","date_gmt":"2020-08-06T13:50:59","guid":{"rendered":"http:\/\/souheil-salame.com\/?page_id=442"},"modified":"2020-09-29T15:38:57","modified_gmt":"2020-09-29T13:38:57","slug":"pointe-rube","status":"publish","type":"page","link":"https:\/\/souheil-salame.com\/index.php\/cristallisations-2\/pointe-rube\/","title":{"rendered":"Pointe Rub\u00e9"},"content":{"rendered":"<div id=\"grid-gallery-7-51790\" data-gg-id=\"7\" data-title=\"Pointe Rub\u00e9\" data-grid-type=\"0\" data-offset=\"15.3\" data-area-position=\"center\" data-icons=\"false\" data-preloader=\"true\" data-width=\"215\" data-height=\"215\" data-padding=\"15\" data-quicksand=\"disabled\" data-quicksand-duration=\"none\" data-popup-theme=\"theme_7\" data-popup-type=\"colorbox\" data-popup-fadeOut=\"300\" data-popup-image-text=\"data-description\" data-popup-widthsize=\"auto\" data-popup-heightsize=\"auto\" data-popup-i18n-words=\"{&quot;close&quot;:&quot;fermer&quot;,&quot;next&quot;:&quot;suivant&quot;,&quot;previous&quot;:&quot;pr\\u00e9c\\u00e9dent&quot;,&quot;start_slideshow&quot;:&quot;d\\u00e9marrer le diaporama&quot;,&quot;stop_slideshow&quot;:&quot;arr\\u00e9ter le diaporama&quot;,&quot;image&quot;:&quot;image&quot;,&quot;of&quot;:&quot;de&quot;,&quot;prev&quot;:&quot;pr\\u00e9c.&quot;,&quot;cExpand&quot;:&quot;Agrandir&quot;,&quot;cPrevious&quot;:&quot;Pr\\u00e9c\\u00e9dent&quot;,&quot;cNext&quot;:&quot;Suivant&quot;,&quot;cExpandStr&quot;:&quot;Agrandir l&#039;image&quot;,&quot;cRotate&quot;:&quot;Pivoter&quot;,&quot;cDetails&quot;:&quot;Details&quot;}\" data-popup-slideshow=\"false\" data-popup-slideshow-speed=\"2500\" data-popup-hoverstop=\"true\" data-popup-slideshow-auto=\"false\" data-popup-background=\"\" data-popup-transparency=\"30\" data-popup-disable-history=\"\" data-popup-disable-changed-url=\"\" data-popup-border-type=\"solid\" data-popup-border-color=\"\" data-popup-border-width=\"\" data-popup-border-enable=\"\" data-fullscreen=\"false\" data-hide-tooltip=\"false\" data-caption-font-family=\"Default\" data-caption-text-size=\"14px\" data-is-mobile=\"0\" data-caption-mobile=\"false\" data-hide-long-tltp-title=\"0\" data-caption-disabled-on-mobile=\"false\" data-lazyload-enable='1' data-lazyload-effect=\"show\" data-lazyload-effect-duration=\"400\" data-popup-placement-type=\"0\" data-social-sharing=\"{&quot;enabled&quot;:&quot;&quot;,&quot;gallerySharing&quot;:{&quot;enabled&quot;:null,&quot;position&quot;:null},&quot;imageSharing&quot;:{&quot;enabled&quot;:null,&quot;wrapperClass&quot;:&quot; vertical \\n &quot;},&quot;popupSharing&quot;:{&quot;enabled&quot;:null,&quot;wrapperClass&quot;:&quot; vertical \\n &quot;}}\" class=\"grid-gallery grid-gallery-fixed \" style=\" width:100%; height:auto ; margin-left:auto; margin-right:auto; position:relative;\" > <div class=\"gallery-loading\"> <div class=\"blocks\"> <div class=\"block\"><\/div> <div class=\"block\"><\/div> <div class=\"block\"><\/div> <div class=\"block\"><\/div> <\/div> <\/div> <div class=\"gallery-sharing-top\"><\/div> <div id=\"photos-7\" class=\"grid-gallery-photos \" > <a id=\"gg-7-67\" class=\"gg-link gg-colorbox \" data-attachment-id=\"360\" href=\"https:\/\/souheil-salame.com\/wp-content\/uploads\/2020\/08\/pointe-du-Rub\u00e92-scaled.jpg?gid=7\" target=\"_self\" title=\"Pi\u00e8ce no 56 : Pointe du Rub\u00e9 \/ St-Jean-Cap-Ferrat. Samedi 30 septembre 2017 \u00e0 9h07. Mer houleuse, nuages d&amp;amp;#039;altitude, visibilit\u00e9 30 km, temp\u00e9rature de l&amp;amp;#039;air 18\u00b0C, vent du Sud 7 km\/h. (\u00c9clairage dorsal.)\" rel=\"\" style=\"border-radius: 0px;\" ><FIGURE class=\"grid-gallery-caption \" data-grid-gallery-type=\"quarter-slide-up\" data-index=\"0\" style=\"display:none;border-radius: 0px; ; margin: 15.3px; width:215px;\" ><div class=\"crop \" style=\" width:215px; height:215px; overflow:hidden; \"><img data-gg-real-image-href=\"http:\/\/souheil-salame.com\/wp-content\/uploads\/2020\/08\/pointe-du-Rub\u00e92-scaled-215x215.jpg\" src=\"http:\/\/souheil-salame.com\/wp-content\/plugins\/gallery-by-supsystic\/src\/GridGallery\/Galleries\/assets\/img\/loading.gif\" class=\"ggImg ggLazyImg\" alt=\"Pointe du Rub\u00e9 - d\u00e9tail\" title=\"Pi\u00e8ce no 56 : Pointe du Rub\u00e9 \/ St-Jean-Cap-Ferrat. Samedi 30 septembre 2017 \u00e0 9h07. Mer houleuse, nuages d&amp;#039;altitude, visibilit\u00e9 30 km, temp\u00e9rature de l&amp;#039;air 18\u00b0C, vent du Sud 7 km\/h. (\u00c9clairage dorsal.)\" data-description=\"Pi\u00e8ce no 56 : Pointe du Rub\u00e9 \/ St-Jean-Cap-Ferrat. Samedi 30 septembre 2017 \u00e0 9h07. Mer houleuse, nuages d&amp;#039;altitude, visibilit\u00e9 30 km, temp\u00e9rature de l&amp;#039;air 18\u00b0C, vent du Sud 7 km\/h. (\u00c9clairage dorsal.)\" data-caption=\"Pi\u00e8ce no 56 : Pointe du Rub\u00e9 \/ St-Jean-Cap-Ferrat. Samedi 30 septembre 2017 \u00e0 9h07.\" data-title=\"Pointe du Rub\u00e9 2\" style=\" width:215px; height:215px; \" \/><\/div><FIGCAPTION class=\"\" data-alpha=\"5\" style=\"color:#ffffff; background-color:#6f0000; font-size:14px; text-align:left; font-family:Default;\" ><div class=\"grid-gallery-figcaption-wrap\" style=\" vertical-align:top; \"><div class=\"gg-image-caption fitvidsignore \" style=\"font-size:14px;\"><object type=\"none\/none\"> Pi\u00e8ce no 56 : Pointe du Rub\u00e9 \/ St-Jean-Cap-Ferrat. Samedi 30 septembre 2017 \u00e0 9h07. <\/object><\/div><\/div><\/FIGCAPTION><\/FIGURE><\/a> <a id=\"gg-7-68\" class=\"gg-link gg-colorbox \" data-attachment-id=\"359\" href=\"https:\/\/souheil-salame.com\/wp-content\/uploads\/2020\/08\/pointe-du-Rub\u00e9-scaled.jpg?gid=7\" target=\"_self\" title=\"P\" rel=\"\" style=\"border-radius: 0px;\" ><FIGURE class=\"grid-gallery-caption \" data-grid-gallery-type=\"quarter-slide-up\" data-index=\"1\" style=\"display:none;border-radius: 0px; ; margin: 15.3px; width:215px;\" ><div class=\"crop \" style=\" width:215px; height:215px; overflow:hidden; \"><img data-gg-real-image-href=\"http:\/\/souheil-salame.com\/wp-content\/uploads\/2020\/08\/pointe-du-Rub\u00e9-scaled-215x215.jpg\" src=\"http:\/\/souheil-salame.com\/wp-content\/plugins\/gallery-by-supsystic\/src\/GridGallery\/Galleries\/assets\/img\/loading.gif\" class=\"ggImg ggLazyImg\" alt=\"Pointe du Rub\u00e9 - d\u00e9tail\" title=\"P\" data-description=\"P\" data-caption=\"Pi\u00e8ce no 56 : Pointe du Rub\u00e9 \/ St-Jean-Cap-Ferrat. Samedi 30 septembre 2017 \u00e0 9h07.\" data-title=\"Pointe du Rub\u00e9\" style=\" width:215px; height:215px; \" \/><\/div><FIGCAPTION class=\"\" data-alpha=\"5\" style=\"color:#ffffff; background-color:#6f0000; font-size:14px; text-align:left; font-family:Default;\" ><div class=\"grid-gallery-figcaption-wrap\" style=\" vertical-align:top; \"><div class=\"gg-image-caption fitvidsignore \" style=\"font-size:14px;\"><object type=\"none\/none\"> Pi\u00e8ce no 56 : Pointe du Rub\u00e9 \/ St-Jean-Cap-Ferrat. Samedi 30 septembre 2017 \u00e0 9h07. <\/object><\/div><\/div><\/FIGCAPTION><\/FIGURE><\/a> <a id=\"gg-7-69\" class=\"gg-link gg-colorbox \" data-attachment-id=\"563\" href=\"https:\/\/souheil-salame.com\/wp-content\/uploads\/2020\/08\/Rub\u00e9-en-pied.jpg?gid=7\" target=\"_self\" title=\"Rub\u00e9-en-pied\" rel=\"\" style=\"border-radius: 0px;\" ><FIGURE class=\"grid-gallery-caption \" data-grid-gallery-type=\"quarter-slide-up\" data-index=\"2\" style=\"display:none;border-radius: 0px; ; margin: 15.3px; width:215px;\" ><div class=\"crop \" style=\" width:215px; height:215px; overflow:hidden; \"><img data-gg-real-image-href=\"http:\/\/souheil-salame.com\/wp-content\/uploads\/2020\/08\/Rub\u00e9-en-pied-215x215.jpg\" src=\"http:\/\/souheil-salame.com\/wp-content\/plugins\/gallery-by-supsystic\/src\/GridGallery\/Galleries\/assets\/img\/loading.gif\" class=\"ggImg ggLazyImg\" alt=\"Pointe de Rub\u00e9 sur pied\" title=\"Rub\u00e9-en-pied\" data-description=\"Rub\u00e9-en-pied\" data-caption=\"Rub\u00e9-en-pied\" data-title=\"Rub\u00e9-en-pied\" style=\" width:215px; height:215px; \" \/><\/div><FIGCAPTION class=\"\" data-alpha=\"5\" style=\"color:#ffffff; background-color:#6f0000; font-size:14px; text-align:left; font-family:Default;\" ><div class=\"grid-gallery-figcaption-wrap\" style=\" vertical-align:top; \"><\/div><\/FIGCAPTION><\/FIGURE><\/a> <div class=\"grid-gallery-clearfix\"><\/div> <\/div> <div class=\"gallery-sharing-bottom\"><\/div> <div class=\"grid-gallery-clearfix\"><\/div> <\/div> <!-- Gallery by Supsystic plugin 1.14.9 -->\n<p>Pointe du Rub\u00e9 \/ St-Jean-Cap-Ferrat Samedi 30 septembre 2017 \u00e0 9h07<\/p>\n<p>Mer houleuse, nuages d&rsquo;altitude, visibilit\u00e9 30 km, temp\u00e9rature de l&rsquo;air 18\u00b0C, vent du Sud 7 km\/h<\/p>\n<p>43\u00b0 42&prime; 04\u00a0\u00bb N<br \/>\n07\u00b0 19&prime; 15\u00a0\u00bb E<\/p>\n<p>Pi\u00e8ce no 56 \/ dimensions 23 x 23 cm<\/p>\n<article class=\"widget iron_widget_radio \"><div class=\"iron-audioplayer  sonaar-no-artwork\" id=\"arbitrary-instance-69e36cca84d86-e891460a6d\" data-albums=\"634\"data-url-playlist=\"https:\/\/souheil-salame.com\/?load=playlist.json&#038;title=&#038;albums=634\" data-sticky-player=\"0\" data-shuffle=\"\" data-scrollbar=\"\" data-wave-color=\"\" data-wave-progress-color=\"\" data-no-track-skip=\"\" data-no-wave=\"0\" style=\"opacity:0;\">\n        <div class=\"sonaar-grid sonaar-grid-2 sonaar-grid-fullwidth-mobile\">\n        \n        <div class=\"playlist\">\n            <h3 class=\"sr_it-playlist-title\">Pointe Rub\u00e9<\/h3>\n            <div class=\"sr_it-playlist-release-date\"><span class=\"sr_it-date-value\"><\/span><\/div>\n            <ul><li\n            data-audiopath=\"https:\/\/souheil-salame.com\/wp-content\/uploads\/2020\/08\/pointe-du-Rub\u00e9-2017.mp3\"\n            data-showloading=\"1\"\n            data-albumTitle=\"Pointe Rub\u00e9\"\n            data-albumArt=\"\"\n            data-releasedate=\"\"\n            data-trackTitle=\"Pointe de Rub\u00e9\"\n            data-trackID=\"443\"\n            data-trackTime=\"16:44\"\n            ><span class=\"store-list\"><\/span><\/li><\/ul>\n        <\/div>\n        <\/div>\n        <div class=\"album-store\"><\/div>\n        <div class=\"album-player\" >\n        <div class=\"track-title\"><\/div>\n        <div class=\"album-title\"><\/div>\n        \n        <div class=\"player\">\n        <div class=\"currentTime\"><\/div>\n        <div id=\"arbitrary-instance-69e36cca84d86-66401e7684-wave\" class=\"wave\">\n        <div class=\"sonaar_fake_wave\">\n            <audio src=\"\" class=\"sonaar_media_element\"><\/audio>\n            <div class=\"sonaar_wave_base\"><svg><\/svg><\/div>\n            <div class=\"sonaar_wave_cut\"><svg><\/svg><\/div>\n            <\/div> \n        <\/div>\n        <div class=\"totalTime\"><\/div>\n        <div class=\"control\">\n        <a class=\"previous\" style=\"opacity:0;\">\n        <svg version=\"1.1\" id=\"Layer_1\" xmlns=\"http:\/\/www.w3.org\/2000\/svg\" xmlns:xlink=\"http:\/\/www.w3.org\/1999\/xlink\" x=\"0px\" y=\"0px\" viewBox=\"0 0 10.2 11.7\" style=\"enable-background:new 0 0 10.2 11.7;\" xml:space=\"preserve\">\n        <polygon points=\"10.2,0 1.4,5.3 1.4,0 0,0 0,11.7 1.4,11.7 1.4,6.2 10.2,11.7\"\/>\n        <\/svg>\n        <\/a>\n        <a class=\"play\" style=\"opacity:0;\">\n        <svg version=\"1.1\" xmlns=\"http:\/\/www.w3.org\/2000\/svg\" xmlns:xlink=\"http:\/\/www.w3.org\/1999\/xlink\" x=\"0px\" y=\"0px\" viewBox=\"0 0 17.5 21.2\" style=\"enable-background:new 0 0 17.5 21.2;\" xml:space=\"preserve\">\n        <path d=\"M0,0l17.5,10.9L0,21.2V0z\"\/>\n        \n        <rect width=\"6\" height=\"21.2\"\/>\n        <rect x=\"11.5\" width=\"6\" height=\"21.2\"\/>\n        <\/svg>\n        <\/a>\n        <a class=\"next\" style=\"opacity:0;\">\n        <svg version=\"1.1\" xmlns=\"http:\/\/www.w3.org\/2000\/svg\" xmlns:xlink=\"http:\/\/www.w3.org\/1999\/xlink\" x=\"0px\" y=\"0px\" viewBox=\"0 0 10.2 11.7\" style=\"enable-background:new 0 0 10.2 11.7;\" xml:space=\"preserve\">\n        <polygon points=\"0,11.7 8.8,6.4 8.8,11.7 10.2,11.7 10.2,0 8.8,0 8.8,5.6 0,0\"\/>\n        <\/svg>\n        <\/a>\n        <\/div>\n        <\/div>\n        <\/div>\n        <\/div><\/article>\n","protected":false},"excerpt":{"rendered":"<p>Pointe du Rub\u00e9 \/ St-Jean-Cap-Ferrat Samedi 30 septembre 2017 \u00e0 9h07 Mer houleuse, nuages d&rsquo;altitude, visibilit\u00e9 30 km, temp\u00e9rature de l&rsquo;air 18\u00b0C, vent du Sud 7 km\/h 43\u00b0 42&prime; 04\u00a0\u00bb N 07\u00b0 19&prime; 15\u00a0\u00bb E &hellip;<\/p>\n","protected":false},"author":1,"featured_media":0,"parent":396,"menu_order":0,"comment_status":"closed","ping_status":"closed","template":"","meta":[],"_links":{"self":[{"href":"https:\/\/souheil-salame.com\/index.php\/wp-json\/wp\/v2\/pages\/442"}],"collection":[{"href":"https:\/\/souheil-salame.com\/index.php\/wp-json\/wp\/v2\/pages"}],"about":[{"href":"https:\/\/souheil-salame.com\/index.php\/wp-json\/wp\/v2\/types\/page"}],"author":[{"embeddable":true,"href":"https:\/\/souheil-salame.com\/index.php\/wp-json\/wp\/v2\/users\/1"}],"replies":[{"embeddable":true,"href":"https:\/\/souheil-salame.com\/index.php\/wp-json\/wp\/v2\/comments?post=442"}],"version-history":[{"count":7,"href":"https:\/\/souheil-salame.com\/index.php\/wp-json\/wp\/v2\/pages\/442\/revisions"}],"predecessor-version":[{"id":970,"href":"https:\/\/souheil-salame.com\/index.php\/wp-json\/wp\/v2\/pages\/442\/revisions\/970"}],"up":[{"embeddable":true,"href":"https:\/\/souheil-salame.com\/index.php\/wp-json\/wp\/v2\/pages\/396"}],"wp:attachment":[{"href":"https:\/\/souheil-salame.com\/index.php\/wp-json\/wp\/v2\/media?parent=442"}],"curies":[{"name":"wp","href":"https:\/\/api.w.org\/{rel}","templated":true}]}}