{"id":709,"date":"2020-08-19T15:08:09","date_gmt":"2020-08-19T13:08:09","guid":{"rendered":"http:\/\/souheil-salame.com\/?page_id=709"},"modified":"2022-11-29T16:37:27","modified_gmt":"2022-11-29T15:37:27","slug":"textes","status":"publish","type":"page","link":"https:\/\/souheil-salame.com\/index.php\/textes\/","title":{"rendered":"TEXTES"},"content":{"rendered":"<p><a href=\"http:\/\/souheil-salame.com\/index.php\/textes\/apres-la-tempete-alex\/\">\u00ab\u00a0Apr\u00e8s la temp\u00eate Alex\u00a0\u00bb<\/a><\/p>\n<p>Enchev\u00eatrement de troncs, poutres et poutrelles, de touffes et de branches essor\u00e9es. De l\u2019\u00e9lectro-m\u00e9nager aussi ; gazini\u00e8re et frigo caboss\u00e9s. Des filets de p\u00eache \u00e9ventr\u00e9s, des souches aux racines syncop\u00e9es. Des cordages, des bou\u00e9es, des m\u00e9duses, un pneu et des nappes de posidonies&#8230;<\/p>\n<p>&nbsp;<\/p>\n<p><a href=\"http:\/\/souheil-salame.com\/index.php\/documents\/textes\/eau-et-lumiere\/\">\u00ab\u00a0Mer sur Lumi\u00e8re\u00a0\u00bb<\/a><\/p>\n<p>Dans l\u2019eau, la lumi\u00e8re est en mouvement.<br \/>\nElle est fragments, morceaux, copeaux, tranches, panneaux&#8230;<\/p>\n<p>&nbsp;<\/p>\n<p><a href=\"http:\/\/souheil-salame.com\/index.php\/je-puise-de-leau-de-mer\/\">\u00a0\u00bb Je puise&#8230; \u00ab\u00a0<\/a><\/p>\n<p>C\u2019est de l\u2019eau de mer et des informations relatives \u00e0 l\u2019environnement du pr\u00e9l\u00e8vement \u2013 son, m\u00e9t\u00e9o, nom du lieu \u2013 que je tire les principales mati\u00e8res n\u00e9cessaires \u00e0 la construction de mon \u0153uvre.<\/p>\n<p>&nbsp;<\/p>\n<p><a href=\"http:\/\/souheil-salame.com\/index.php\/sinscrire-dans-un-paysage\/\">\u00a0\u00bb S&rsquo;insrire dans un paysage \u00ab\u00a0<\/a><\/p>\n<p>J\u2019ai senti, depuis longtemps, l\u2019envie de m\u2019inscrire dans un paysage, de me fondre dans un espace. Quand j\u2019\u00e9tais enfant, je laissais ou plut\u00f4t dissimulais dans une anfractuosit\u00e9 d\u2019une roche, le creux d\u2019un arbre, quelque chose que je poss\u00e9dais et que j\u2019avais dans mes poches.<\/p>\n","protected":false},"excerpt":{"rendered":"<p>\u00ab\u00a0Apr\u00e8s la temp\u00eate Alex\u00a0\u00bb Enchev\u00eatrement de troncs, poutres et poutrelles, de touffes et de branches essor\u00e9es. De l\u2019\u00e9lectro-m\u00e9nager aussi ; gazini\u00e8re et frigo caboss\u00e9s. Des filets de p\u00eache \u00e9ventr\u00e9s, des souches aux racines syncop\u00e9es. Des &hellip;<\/p>\n","protected":false},"author":1,"featured_media":0,"parent":0,"menu_order":0,"comment_status":"closed","ping_status":"closed","template":"","meta":[],"_links":{"self":[{"href":"https:\/\/souheil-salame.com\/index.php\/wp-json\/wp\/v2\/pages\/709"}],"collection":[{"href":"https:\/\/souheil-salame.com\/index.php\/wp-json\/wp\/v2\/pages"}],"about":[{"href":"https:\/\/souheil-salame.com\/index.php\/wp-json\/wp\/v2\/types\/page"}],"author":[{"embeddable":true,"href":"https:\/\/souheil-salame.com\/index.php\/wp-json\/wp\/v2\/users\/1"}],"replies":[{"embeddable":true,"href":"https:\/\/souheil-salame.com\/index.php\/wp-json\/wp\/v2\/comments?post=709"}],"version-history":[{"count":11,"href":"https:\/\/souheil-salame.com\/index.php\/wp-json\/wp\/v2\/pages\/709\/revisions"}],"predecessor-version":[{"id":1400,"href":"https:\/\/souheil-salame.com\/index.php\/wp-json\/wp\/v2\/pages\/709\/revisions\/1400"}],"wp:attachment":[{"href":"https:\/\/souheil-salame.com\/index.php\/wp-json\/wp\/v2\/media?parent=709"}],"curies":[{"name":"wp","href":"https:\/\/api.w.org\/{rel}","templated":true}]}}