{"id":713,"date":"2020-08-19T15:14:24","date_gmt":"2020-08-19T13:14:24","guid":{"rendered":"http:\/\/souheil-salame.com\/?page_id=713"},"modified":"2020-08-26T16:27:25","modified_gmt":"2020-08-26T14:27:25","slug":"je-puise-de-leau-de-mer","status":"publish","type":"page","link":"https:\/\/souheil-salame.com\/index.php\/textes\/je-puise-de-leau-de-mer\/","title":{"rendered":"\u00ab\u00a0Je puise de l&rsquo;eau de mer&#8230;\u00a0\u00bb"},"content":{"rendered":"<figure id=\"attachment_712\" aria-describedby=\"caption-attachment-712\" style=\"width: 329px\" class=\"wp-caption alignleft\"><img loading=\"lazy\" class=\"wp-image-712 size-full\" src=\"http:\/\/souheil-salame.com\/wp-content\/uploads\/2020\/08\/souheil-prelevement.jpg\" alt=\"\" width=\"329\" height=\"600\" srcset=\"https:\/\/souheil-salame.com\/wp-content\/uploads\/2020\/08\/souheil-prelevement.jpg 329w, https:\/\/souheil-salame.com\/wp-content\/uploads\/2020\/08\/souheil-prelevement-165x300.jpg 165w\" sizes=\"(max-width: 329px) 100vw, 329px\" \/><figcaption id=\"caption-attachment-712\" class=\"wp-caption-text\">Photo Bruno Maffre<\/figcaption><\/figure>\n<p>C&rsquo;est de l&rsquo;eau de mer et des informations relatives \u00e0 l&rsquo;environnement du pr\u00e9l\u00e8vement \u2013 son, m\u00e9t\u00e9o, nom du lieu \u2013 que je tire les principales mati\u00e8res n\u00e9cessaires \u00e0 la construction de mon \u0153uvre.<\/p>\n<p>De retour dans mon atelier, je r\u00e9unis les conditions pour que l\u2019\u0153uvre se cr\u00e9\u00e9e par elle-m\u00eame.<\/p>\n<p>La mati\u00e8re est pr\u00eate. Je l&rsquo;accompagne. J&rsquo;assiste et l&rsquo;assiste dans sa propre r\u00e9v\u00e9lation.<\/p>\n<p>De l&rsquo;informe \u00e0 la forme, de l&rsquo;invisible au visible, de l&rsquo;imperceptible au perceptible.<\/p>\n<p>&nbsp;<\/p>\n<p>Souheil 2015<\/p>\n","protected":false},"excerpt":{"rendered":"<p>C&rsquo;est de l&rsquo;eau de mer et des informations relatives \u00e0 l&rsquo;environnement du pr\u00e9l\u00e8vement \u2013 son, m\u00e9t\u00e9o, nom du lieu \u2013 que je tire les principales mati\u00e8res n\u00e9cessaires \u00e0 la construction de mon \u0153uvre. De retour &hellip;<\/p>\n","protected":false},"author":1,"featured_media":0,"parent":709,"menu_order":0,"comment_status":"closed","ping_status":"closed","template":"","meta":[],"_links":{"self":[{"href":"https:\/\/souheil-salame.com\/index.php\/wp-json\/wp\/v2\/pages\/713"}],"collection":[{"href":"https:\/\/souheil-salame.com\/index.php\/wp-json\/wp\/v2\/pages"}],"about":[{"href":"https:\/\/souheil-salame.com\/index.php\/wp-json\/wp\/v2\/types\/page"}],"author":[{"embeddable":true,"href":"https:\/\/souheil-salame.com\/index.php\/wp-json\/wp\/v2\/users\/1"}],"replies":[{"embeddable":true,"href":"https:\/\/souheil-salame.com\/index.php\/wp-json\/wp\/v2\/comments?post=713"}],"version-history":[{"count":11,"href":"https:\/\/souheil-salame.com\/index.php\/wp-json\/wp\/v2\/pages\/713\/revisions"}],"predecessor-version":[{"id":864,"href":"https:\/\/souheil-salame.com\/index.php\/wp-json\/wp\/v2\/pages\/713\/revisions\/864"}],"up":[{"embeddable":true,"href":"https:\/\/souheil-salame.com\/index.php\/wp-json\/wp\/v2\/pages\/709"}],"wp:attachment":[{"href":"https:\/\/souheil-salame.com\/index.php\/wp-json\/wp\/v2\/media?parent=713"}],"curies":[{"name":"wp","href":"https:\/\/api.w.org\/{rel}","templated":true}]}}