{"id":747,"date":"2020-08-19T16:55:19","date_gmt":"2020-08-19T14:55:19","guid":{"rendered":"http:\/\/souheil-salame.com\/?page_id=747"},"modified":"2020-10-20T14:23:38","modified_gmt":"2020-10-20T12:23:38","slug":"pointe-rascasse-2","status":"publish","type":"page","link":"https:\/\/souheil-salame.com\/index.php\/cristallisations-2\/pointe-rascasse-2\/","title":{"rendered":"Pointe de la Rascasse"},"content":{"rendered":"<div id=\"grid-gallery-19-95739\" data-gg-id=\"19\" data-title=\"Pointe Rascasse\" data-grid-type=\"0\" data-offset=\"15.3\" data-area-position=\"center\" data-icons=\"false\" data-preloader=\"true\" data-width=\"200\" data-height=\"200\" data-padding=\"15\" data-quicksand=\"disabled\" data-quicksand-duration=\"none\" data-popup-theme=\"theme_7\" data-popup-type=\"colorbox\" data-popup-fadeOut=\"300\" data-popup-image-text=\"data-description\" data-popup-widthsize=\"auto\" data-popup-heightsize=\"auto\" data-popup-i18n-words=\"{&quot;close&quot;:&quot;fermer&quot;,&quot;next&quot;:&quot;suivant&quot;,&quot;previous&quot;:&quot;pr\\u00e9c\\u00e9dent&quot;,&quot;start_slideshow&quot;:&quot;d\\u00e9marrer le diaporama&quot;,&quot;stop_slideshow&quot;:&quot;arr\\u00e9ter le diaporama&quot;,&quot;image&quot;:&quot;image&quot;,&quot;of&quot;:&quot;de&quot;,&quot;prev&quot;:&quot;pr\\u00e9c.&quot;,&quot;cExpand&quot;:&quot;Agrandir&quot;,&quot;cPrevious&quot;:&quot;Pr\\u00e9c\\u00e9dent&quot;,&quot;cNext&quot;:&quot;Suivant&quot;,&quot;cExpandStr&quot;:&quot;Agrandir l&#039;image&quot;,&quot;cRotate&quot;:&quot;Pivoter&quot;,&quot;cDetails&quot;:&quot;Details&quot;}\" data-popup-slideshow=\"false\" data-popup-slideshow-speed=\"2500\" data-popup-hoverstop=\"true\" data-popup-slideshow-auto=\"false\" data-popup-background=\"\" data-popup-transparency=\"30\" data-popup-disable-history=\"\" data-popup-disable-changed-url=\"\" data-popup-border-type=\"solid\" data-popup-border-color=\"\" data-popup-border-width=\"\" data-popup-border-enable=\"\" data-fullscreen=\"false\" data-hide-tooltip=\"false\" data-caption-font-family=\"Default\" data-caption-text-size=\"14px\" data-is-mobile=\"0\" data-caption-mobile=\"false\" data-hide-long-tltp-title=\"0\" data-caption-disabled-on-mobile=\"false\" data-lazyload-enable='1' data-lazyload-effect=\"show\" data-lazyload-effect-duration=\"400\" data-popup-placement-type=\"0\" data-social-sharing=\"{&quot;enabled&quot;:&quot;&quot;,&quot;gallerySharing&quot;:{&quot;enabled&quot;:null,&quot;position&quot;:null},&quot;imageSharing&quot;:{&quot;enabled&quot;:null,&quot;wrapperClass&quot;:&quot; vertical \\n &quot;},&quot;popupSharing&quot;:{&quot;enabled&quot;:null,&quot;wrapperClass&quot;:&quot; vertical \\n &quot;}}\" class=\"grid-gallery grid-gallery-fixed \" style=\" width:100%; height:auto ; margin-left:auto; margin-right:auto; position:relative;\" > <div class=\"gallery-loading\"> <div class=\"blocks\"> <div class=\"block\"><\/div> <div class=\"block\"><\/div> <div class=\"block\"><\/div> <div class=\"block\"><\/div> <\/div> <\/div> <div class=\"gallery-sharing-top\"><\/div> <div id=\"photos-19\" class=\"grid-gallery-photos \" > <a id=\"gg-19-102\" class=\"gg-link gg-colorbox \" data-attachment-id=\"728\" href=\"https:\/\/souheil-salame.com\/wp-content\/uploads\/2020\/08\/pointe-de-la-rascasse-st-jean-1-scaled.jpg?gid=19\" target=\"_self\" title=\"Pointe de la Rascasse - d\u00e9tail\" rel=\"\" style=\"border-radius: 0px;\" ><FIGURE class=\"grid-gallery-caption \" data-grid-gallery-type=\"quarter-slide-up\" data-index=\"0\" style=\"display:none;border-radius: 0px; ; margin: 15.3px; width:200px;\" ><div class=\"crop \" style=\" width:200px; height:200px; overflow:hidden; \"><img data-gg-real-image-href=\"http:\/\/souheil-salame.com\/wp-content\/uploads\/2020\/08\/pointe-de-la-rascasse-st-jean-1-scaled-200x200.jpg\" src=\"http:\/\/souheil-salame.com\/wp-content\/plugins\/gallery-by-supsystic\/src\/GridGallery\/Galleries\/assets\/img\/loading.gif\" class=\"ggImg ggLazyImg\" alt=\"pointe de la rascasse st jean\" title=\"Pointe de la Rascasse - d\u00e9tail\" data-description=\"Pointe de la Rascasse - d\u00e9tail\" data-caption=\"pointe de la rascasse st jean\" data-title=\"pointe de la rascasse st jean\" style=\" width:200px; height:200px; \" \/><\/div><FIGCAPTION class=\"\" data-alpha=\"5\" style=\"color:#ffffff; background-color:#6f0000; font-size:14px; text-align:left; font-family:Default;\" ><div class=\"grid-gallery-figcaption-wrap\" style=\" vertical-align:top; \"><\/div><\/FIGCAPTION><\/FIGURE><\/a> <a id=\"gg-19-103\" class=\"gg-link gg-colorbox \" data-attachment-id=\"729\" href=\"https:\/\/souheil-salame.com\/wp-content\/uploads\/2020\/08\/pointe-rascasse.jpg?gid=19\" target=\"_self\" title=\"Pointe de la Rascasse\" rel=\"\" style=\"border-radius: 0px;\" ><FIGURE class=\"grid-gallery-caption \" data-grid-gallery-type=\"quarter-slide-up\" data-index=\"1\" style=\"display:none;border-radius: 0px; ; margin: 15.3px; width:200px;\" ><div class=\"crop \" style=\" width:200px; height:200px; overflow:hidden; \"><img data-gg-real-image-href=\"http:\/\/souheil-salame.com\/wp-content\/uploads\/2020\/08\/pointe-rascasse-200x200.jpg\" src=\"http:\/\/souheil-salame.com\/wp-content\/plugins\/gallery-by-supsystic\/src\/GridGallery\/Galleries\/assets\/img\/loading.gif\" class=\"ggImg ggLazyImg\" alt=\"pointe-rascasse\" title=\"Pointe de la Rascasse\" data-description=\"Pointe de la Rascasse\" data-caption=\"pointe-rascasse\" data-title=\"pointe-rascasse\" style=\" width:200px; height:200px; \" \/><\/div><FIGCAPTION class=\"\" data-alpha=\"5\" style=\"color:#ffffff; background-color:#6f0000; font-size:14px; text-align:left; font-family:Default;\" ><div class=\"grid-gallery-figcaption-wrap\" style=\" vertical-align:top; \"><\/div><\/FIGCAPTION><\/FIGURE><\/a> <a id=\"gg-19-105\" class=\"gg-link gg-colorbox \" data-attachment-id=\"731\" href=\"https:\/\/souheil-salame.com\/wp-content\/uploads\/2020\/08\/pointe-Rasc-pied.jpg?gid=19\" target=\"_self\" title=\"Pointe de la Rascasse dans son cadre\" rel=\"\" style=\"border-radius: 0px;\" ><FIGURE class=\"grid-gallery-caption \" data-grid-gallery-type=\"quarter-slide-up\" data-index=\"2\" style=\"display:none;border-radius: 0px; ; margin: 15.3px; width:200px;\" ><div class=\"crop \" style=\" width:200px; height:200px; overflow:hidden; \"><img data-gg-real-image-href=\"http:\/\/souheil-salame.com\/wp-content\/uploads\/2020\/08\/pointe-Rasc-pied-200x200.jpg\" src=\"http:\/\/souheil-salame.com\/wp-content\/plugins\/gallery-by-supsystic\/src\/GridGallery\/Galleries\/assets\/img\/loading.gif\" class=\"ggImg ggLazyImg\" alt=\"pointe Rasc pied\" title=\"Pointe de la Rascasse dans son cadre\" data-description=\"Pointe de la Rascasse dans son cadre\" data-caption=\"pointe Rasc pied\" data-title=\"pointe Rasc pied\" style=\" width:200px; height:200px; \" \/><\/div><FIGCAPTION class=\"\" data-alpha=\"5\" style=\"color:#ffffff; background-color:#6f0000; font-size:14px; text-align:left; font-family:Default;\" ><div class=\"grid-gallery-figcaption-wrap\" style=\" vertical-align:top; \"><\/div><\/FIGCAPTION><\/FIGURE><\/a> <a id=\"gg-19-231\" class=\"gg-link gg-colorbox \" data-attachment-id=\"1271\" href=\"https:\/\/souheil-salame.com\/wp-content\/uploads\/2021\/11\/Rascasse-2.jpg?gid=19\" target=\"_self\" title=\"Pointe de la Rascasse - d\u00e9tail\" rel=\"\" style=\"border-radius: 0px;\" ><FIGURE class=\"grid-gallery-caption \" data-grid-gallery-type=\"quarter-slide-up\" data-index=\"3\" style=\"display:none;border-radius: 0px; ; margin: 15.3px; width:200px;\" ><div class=\"crop \" style=\" width:200px; height:200px; overflow:hidden; \"><img data-gg-real-image-href=\"http:\/\/souheil-salame.com\/wp-content\/uploads\/2021\/11\/Rascasse-2-200x200.jpg\" src=\"http:\/\/souheil-salame.com\/wp-content\/plugins\/gallery-by-supsystic\/src\/GridGallery\/Galleries\/assets\/img\/loading.gif\" class=\"ggImg ggLazyImg\" alt=\"Rascasse-2\" title=\"Pointe de la Rascasse - d\u00e9tail\" data-description=\"Pointe de la Rascasse - d\u00e9tail\" data-caption=\"Rascasse-2\" data-title=\"Rascasse-2\" style=\" width:200px; height:200px; \" \/><\/div><FIGCAPTION class=\"\" data-alpha=\"5\" style=\"color:#ffffff; background-color:#6f0000; font-size:14px; text-align:left; font-family:Default;\" ><div class=\"grid-gallery-figcaption-wrap\" style=\" vertical-align:top; \"><\/div><\/FIGCAPTION><\/FIGURE><\/a> <a id=\"gg-19-232\" class=\"gg-link gg-colorbox \" data-attachment-id=\"1272\" href=\"https:\/\/souheil-salame.com\/wp-content\/uploads\/2021\/11\/Rascasse-3.jpg?gid=19\" target=\"_self\" title=\"Pointe de la Rascasse - d\u00e9tail\" rel=\"\" style=\"border-radius: 0px;\" ><FIGURE class=\"grid-gallery-caption \" data-grid-gallery-type=\"quarter-slide-up\" data-index=\"4\" style=\"display:none;border-radius: 0px; ; margin: 15.3px; width:200px;\" ><div class=\"crop \" style=\" width:200px; height:200px; overflow:hidden; \"><img data-gg-real-image-href=\"http:\/\/souheil-salame.com\/wp-content\/uploads\/2021\/11\/Rascasse-3-200x200.jpg\" src=\"http:\/\/souheil-salame.com\/wp-content\/plugins\/gallery-by-supsystic\/src\/GridGallery\/Galleries\/assets\/img\/loading.gif\" class=\"ggImg ggLazyImg\" alt=\"Rascasse-3\" title=\"Pointe de la Rascasse - d\u00e9tail\" data-description=\"Pointe de la Rascasse - d\u00e9tail\" data-caption=\"Rascasse-3\" data-title=\"Rascasse-3\" style=\" width:200px; height:200px; \" \/><\/div><FIGCAPTION class=\"\" data-alpha=\"5\" style=\"color:#ffffff; background-color:#6f0000; font-size:14px; text-align:left; font-family:Default;\" ><div class=\"grid-gallery-figcaption-wrap\" style=\" vertical-align:top; \"><\/div><\/FIGCAPTION><\/FIGURE><\/a> <a id=\"gg-19-233\" class=\"gg-link gg-colorbox \" data-attachment-id=\"1273\" href=\"https:\/\/souheil-salame.com\/wp-content\/uploads\/2021\/11\/Rascasse-x.jpg?gid=19\" target=\"_self\" title=\"Pointe de la Rascasse - d\u00e9tail\" rel=\"\" style=\"border-radius: 0px;\" ><FIGURE class=\"grid-gallery-caption \" data-grid-gallery-type=\"quarter-slide-up\" data-index=\"5\" style=\"display:none;border-radius: 0px; ; margin: 15.3px; width:200px;\" ><div class=\"crop \" style=\" width:200px; height:200px; overflow:hidden; \"><img data-gg-real-image-href=\"http:\/\/souheil-salame.com\/wp-content\/uploads\/2021\/11\/Rascasse-x-200x200.jpg\" src=\"http:\/\/souheil-salame.com\/wp-content\/plugins\/gallery-by-supsystic\/src\/GridGallery\/Galleries\/assets\/img\/loading.gif\" class=\"ggImg ggLazyImg\" alt=\"Rascasse-x\" title=\"Pointe de la Rascasse - d\u00e9tail\" data-description=\"Pointe de la Rascasse - d\u00e9tail\" data-caption=\"Rascasse-x\" data-title=\"Rascasse-x\" style=\" width:200px; height:200px; \" \/><\/div><FIGCAPTION class=\"\" data-alpha=\"5\" style=\"color:#ffffff; background-color:#6f0000; font-size:14px; text-align:left; font-family:Default;\" ><div class=\"grid-gallery-figcaption-wrap\" style=\" vertical-align:top; \"><\/div><\/FIGCAPTION><\/FIGURE><\/a> <div class=\"grid-gallery-clearfix\"><\/div> <\/div> <div class=\"gallery-sharing-bottom\"><\/div> <div class=\"grid-gallery-clearfix\"><\/div> <\/div> <!-- Gallery by Supsystic plugin 1.14.9 -->\n<p>&nbsp;<\/p>\n<p>Pointe de la Rascasse \/ Villefranche-sur-Mer, dimanche 7 janvier 2018 \u00e0 9h57<\/p>\n<p>Mer grise et moutonnante, quelques petits nuages mais soleil g\u00e9n\u00e9reux, visibilit\u00e9 46 km, temp\u00e9rature de l&rsquo;air 9,7\u00b0C, le vent marin se renforce<\/p>\n<p>43\u00b0 41&prime; 22\u00a0\u00bb N<br \/>\n07\u00b0 18&prime; 29\u00a0\u00bb E<\/p>\n<p>Pi\u00e8ce no 54 \/ dimensions 25 x 25 cm<\/p>\n<p>&nbsp;<\/p>\n<article class=\"widget iron_widget_radio \"><div class=\"iron-audioplayer  sonaar-no-artwork\" id=\"arbitrary-instance-69e3699d372ba-7de6ac4297\" data-albums=\"742\"data-url-playlist=\"https:\/\/souheil-salame.com\/?load=playlist.json&#038;title=&#038;albums=742\" data-sticky-player=\"0\" data-shuffle=\"\" data-scrollbar=\"\" data-wave-color=\"\" data-wave-progress-color=\"\" data-no-track-skip=\"\" data-no-wave=\"0\" style=\"opacity:0;\">\n        <div class=\"sonaar-grid sonaar-grid-2 sonaar-grid-fullwidth-mobile\">\n        \n        <div class=\"playlist\">\n            <h3 class=\"sr_it-playlist-title\">Pointe Rascasse<\/h3>\n            <div class=\"sr_it-playlist-release-date\"><span class=\"sr_it-date-value\"><\/span><\/div>\n            <ul><li\n            data-audiopath=\"https:\/\/souheil-salame.com\/wp-content\/uploads\/2020\/10\/ps-rascasse.mp3\"\n            data-showloading=\"1\"\n            data-albumTitle=\"Pointe Rascasse\"\n            data-albumArt=\"\"\n            data-releasedate=\"\"\n            data-trackTitle=\"Pointe Rascasse 2019\"\n            data-trackID=\"1044\"\n            data-trackTime=\"7:48\"\n            ><span class=\"store-list\"><\/span><\/li><\/ul>\n        <\/div>\n        <\/div>\n        <div class=\"album-store\"><\/div>\n        <div class=\"album-player\" >\n        <div class=\"track-title\"><\/div>\n        <div class=\"album-title\"><\/div>\n        \n        <div class=\"player\">\n        <div class=\"currentTime\"><\/div>\n        <div id=\"arbitrary-instance-69e3699d372ba-e0887ee167-wave\" class=\"wave\">\n        <div class=\"sonaar_fake_wave\">\n            <audio src=\"\" class=\"sonaar_media_element\"><\/audio>\n            <div class=\"sonaar_wave_base\"><svg><\/svg><\/div>\n            <div class=\"sonaar_wave_cut\"><svg><\/svg><\/div>\n            <\/div> \n        <\/div>\n        <div class=\"totalTime\"><\/div>\n        <div class=\"control\">\n        <a class=\"previous\" style=\"opacity:0;\">\n        <svg version=\"1.1\" id=\"Layer_1\" xmlns=\"http:\/\/www.w3.org\/2000\/svg\" xmlns:xlink=\"http:\/\/www.w3.org\/1999\/xlink\" x=\"0px\" y=\"0px\" viewBox=\"0 0 10.2 11.7\" style=\"enable-background:new 0 0 10.2 11.7;\" xml:space=\"preserve\">\n        <polygon points=\"10.2,0 1.4,5.3 1.4,0 0,0 0,11.7 1.4,11.7 1.4,6.2 10.2,11.7\"\/>\n        <\/svg>\n        <\/a>\n        <a class=\"play\" style=\"opacity:0;\">\n        <svg version=\"1.1\" xmlns=\"http:\/\/www.w3.org\/2000\/svg\" xmlns:xlink=\"http:\/\/www.w3.org\/1999\/xlink\" x=\"0px\" y=\"0px\" viewBox=\"0 0 17.5 21.2\" style=\"enable-background:new 0 0 17.5 21.2;\" xml:space=\"preserve\">\n        <path d=\"M0,0l17.5,10.9L0,21.2V0z\"\/>\n        \n        <rect width=\"6\" height=\"21.2\"\/>\n        <rect x=\"11.5\" width=\"6\" height=\"21.2\"\/>\n        <\/svg>\n        <\/a>\n        <a class=\"next\" style=\"opacity:0;\">\n        <svg version=\"1.1\" xmlns=\"http:\/\/www.w3.org\/2000\/svg\" xmlns:xlink=\"http:\/\/www.w3.org\/1999\/xlink\" x=\"0px\" y=\"0px\" viewBox=\"0 0 10.2 11.7\" style=\"enable-background:new 0 0 10.2 11.7;\" xml:space=\"preserve\">\n        <polygon points=\"0,11.7 8.8,6.4 8.8,11.7 10.2,11.7 10.2,0 8.8,0 8.8,5.6 0,0\"\/>\n        <\/svg>\n        <\/a>\n        <\/div>\n        <\/div>\n        <\/div>\n        <\/div><\/article>\n<p>&nbsp;<\/p>\n<p>&nbsp;<\/p>\n","protected":false},"excerpt":{"rendered":"<p>&nbsp; Pointe de la Rascasse \/ Villefranche-sur-Mer, dimanche 7 janvier 2018 \u00e0 9h57 Mer grise et moutonnante, quelques petits nuages mais soleil g\u00e9n\u00e9reux, visibilit\u00e9 46 km, temp\u00e9rature de l&rsquo;air 9,7\u00b0C, le vent marin se renforce &hellip;<\/p>\n","protected":false},"author":1,"featured_media":0,"parent":396,"menu_order":0,"comment_status":"closed","ping_status":"closed","template":"","meta":[],"_links":{"self":[{"href":"https:\/\/souheil-salame.com\/index.php\/wp-json\/wp\/v2\/pages\/747"}],"collection":[{"href":"https:\/\/souheil-salame.com\/index.php\/wp-json\/wp\/v2\/pages"}],"about":[{"href":"https:\/\/souheil-salame.com\/index.php\/wp-json\/wp\/v2\/types\/page"}],"author":[{"embeddable":true,"href":"https:\/\/souheil-salame.com\/index.php\/wp-json\/wp\/v2\/users\/1"}],"replies":[{"embeddable":true,"href":"https:\/\/souheil-salame.com\/index.php\/wp-json\/wp\/v2\/comments?post=747"}],"version-history":[{"count":11,"href":"https:\/\/souheil-salame.com\/index.php\/wp-json\/wp\/v2\/pages\/747\/revisions"}],"predecessor-version":[{"id":1045,"href":"https:\/\/souheil-salame.com\/index.php\/wp-json\/wp\/v2\/pages\/747\/revisions\/1045"}],"up":[{"embeddable":true,"href":"https:\/\/souheil-salame.com\/index.php\/wp-json\/wp\/v2\/pages\/396"}],"wp:attachment":[{"href":"https:\/\/souheil-salame.com\/index.php\/wp-json\/wp\/v2\/media?parent=747"}],"curies":[{"name":"wp","href":"https:\/\/api.w.org\/{rel}","templated":true}]}}