{"id":841,"date":"2020-08-26T15:54:35","date_gmt":"2020-08-26T13:54:35","guid":{"rendered":"http:\/\/souheil-salame.com\/?page_id=841"},"modified":"2023-01-12T11:36:21","modified_gmt":"2023-01-12T10:36:21","slug":"cristaux-de-terre","status":"publish","type":"page","link":"https:\/\/souheil-salame.com\/index.php\/cristaux-de-terre\/","title":{"rendered":"CRISTAUX DE TERRE"},"content":{"rendered":"\n<p>M\u00e9moires min\u00e9rales<\/p>\n\n\n\n<p>Il y a peu, j&rsquo;ai entrepris la r\u00e9alisation de nouvelles cristallisations \u00e0 partir de sels gemmes en provenance du Monde.<\/p>\n\n\n\n<p>Sels fossilis\u00e9s, m\u00e9moires d&rsquo;anciennes mers autrefois vivantes et foisonnant de vie, aujourd&rsquo;hui disparues et ensevelies.<\/p>\n\n\n\n<p>M\u00e9moires d&rsquo;un temps lointain pliss\u00e9es, compact\u00e9es et archiv\u00e9es par les soubresauts de la Terre et l&rsquo;infinitude du temps. M\u00e9moire min\u00e9rale d&rsquo;un paysage, d&rsquo;un temps, o\u00f9 l&rsquo;Homme \u00e9tait inexistant.<\/p>\n\n\n\n<p>L&rsquo;aspect et la couleur de ces cristallisations ainsi que la structure de leurs cristaux sont diff\u00e9rentes d&rsquo;une pi\u00e8ce \u00e0 l&rsquo;autre. Cela est d\u00fb \u00e0 la composition<br>min\u00e9rale de chaque sel gemme qui est unique.<\/p>\n\n\n\n<div style=\"height:100px\" aria-hidden=\"true\" class=\"wp-block-spacer\"><\/div>\n\n\n\n<p><\/p>\n\n\n\n<div class=\"wp-block-image\"><figure class=\"alignleft size-thumbnail\"><a href=\"http:\/\/souheil-salame.com\/index.php\/cristaux-de-terre\/sel-rouge-dalaea-hawai\/\"><img loading=\"lazy\" width=\"150\" height=\"150\" src=\"http:\/\/souheil-salame.com\/wp-content\/uploads\/2020\/08\/hawai-detail-150x150.jpg\" alt=\"hawai-d\u00e9tail\" class=\"wp-image-874\"\/><\/a><figcaption>Hawa\u00ef<\/figcaption><\/figure><\/div>\n\n\n\n<div class=\"wp-block-image\"><figure class=\"alignleft size-thumbnail\"><a href=\"http:\/\/souheil-salame.com\/index.php\/cristaux-de-terre\/sel-noir-de-chypre\/\"><img loading=\"lazy\" width=\"150\" height=\"150\" src=\"http:\/\/souheil-salame.com\/wp-content\/uploads\/2021\/09\/DSC6573-150x150.jpg\" alt=\"\" class=\"wp-image-1073\" srcset=\"https:\/\/souheil-salame.com\/wp-content\/uploads\/2021\/09\/DSC6573-150x150.jpg 150w, https:\/\/souheil-salame.com\/wp-content\/uploads\/2021\/09\/DSC6573-300x300.jpg 300w, https:\/\/souheil-salame.com\/wp-content\/uploads\/2021\/09\/DSC6573-1020x1024.jpg 1020w, https:\/\/souheil-salame.com\/wp-content\/uploads\/2021\/09\/DSC6573-768x771.jpg 768w, https:\/\/souheil-salame.com\/wp-content\/uploads\/2021\/09\/DSC6573-1531x1536.jpg 1531w, https:\/\/souheil-salame.com\/wp-content\/uploads\/2021\/09\/DSC6573-299x300.jpg 299w, https:\/\/souheil-salame.com\/wp-content\/uploads\/2021\/09\/DSC6573.jpg 1970w\" sizes=\"(max-width: 150px) 100vw, 150px\" \/><\/a><figcaption>Chypre<\/figcaption><\/figure><\/div>\n\n\n\n<div class=\"wp-block-image\"><figure class=\"alignleft size-thumbnail\"><a href=\"http:\/\/souheil-salame.com\/index.php\/cristaux-de-terre\/givre-de-sel-degypte\/\"><img loading=\"lazy\" width=\"150\" height=\"150\" src=\"http:\/\/souheil-salame.com\/wp-content\/uploads\/2020\/08\/givre-egypte-150x150.jpg\" alt=\"givre-egypte\" class=\"wp-image-872\"\/><\/a><figcaption>Egypte<\/figcaption><\/figure><\/div>\n\n\n\n<div class=\"wp-block-image\"><figure class=\"alignleft size-thumbnail\"><img loading=\"lazy\" width=\"150\" height=\"150\" src=\"http:\/\/souheil-salame.com\/wp-content\/uploads\/2020\/08\/noir-himalaya-1-150x150.jpg\" alt=\"noir-himalaya\" class=\"wp-image-877\"\/><figcaption>Himalaya<\/figcaption><\/figure><\/div>\n\n\n\n<div class=\"wp-block-image\"><figure class=\"alignleft size-thumbnail\"><a href=\"http:\/\/souheil-salame.com\/index.php\/cristaux-de-terre\/diamant-de-sel-du-cachemire\/\"><img loading=\"lazy\" width=\"150\" height=\"150\" src=\"http:\/\/souheil-salame.com\/wp-content\/uploads\/2020\/08\/Pakistan-150x150.jpg\" alt=\"Pakistan\" class=\"wp-image-878\"\/><\/a><figcaption>Pakistan<\/figcaption><\/figure><\/div>\n","protected":false},"excerpt":{"rendered":"<p>M\u00e9moires min\u00e9rales Il y a peu, j&rsquo;ai entrepris la r\u00e9alisation de nouvelles cristallisations \u00e0 partir de sels gemmes en provenance du Monde. Sels fossilis\u00e9s, m\u00e9moires d&rsquo;anciennes mers autrefois vivantes et foisonnant de vie, aujourd&rsquo;hui disparues &hellip;<\/p>\n","protected":false},"author":1,"featured_media":0,"parent":0,"menu_order":0,"comment_status":"closed","ping_status":"closed","template":"","meta":[],"_links":{"self":[{"href":"https:\/\/souheil-salame.com\/index.php\/wp-json\/wp\/v2\/pages\/841"}],"collection":[{"href":"https:\/\/souheil-salame.com\/index.php\/wp-json\/wp\/v2\/pages"}],"about":[{"href":"https:\/\/souheil-salame.com\/index.php\/wp-json\/wp\/v2\/types\/page"}],"author":[{"embeddable":true,"href":"https:\/\/souheil-salame.com\/index.php\/wp-json\/wp\/v2\/users\/1"}],"replies":[{"embeddable":true,"href":"https:\/\/souheil-salame.com\/index.php\/wp-json\/wp\/v2\/comments?post=841"}],"version-history":[{"count":43,"href":"https:\/\/souheil-salame.com\/index.php\/wp-json\/wp\/v2\/pages\/841\/revisions"}],"predecessor-version":[{"id":1486,"href":"https:\/\/souheil-salame.com\/index.php\/wp-json\/wp\/v2\/pages\/841\/revisions\/1486"}],"wp:attachment":[{"href":"https:\/\/souheil-salame.com\/index.php\/wp-json\/wp\/v2\/media?parent=841"}],"curies":[{"name":"wp","href":"https:\/\/api.w.org\/{rel}","templated":true}]}}